{"id":7681,"date":"2025-08-27T15:38:47","date_gmt":"2025-08-27T12:38:47","guid":{"rendered":"https:\/\/mafruitsconsultants.com\/?page_id=7681"},"modified":"2025-08-29T14:44:14","modified_gmt":"2025-08-29T11:44:14","slug":"avocado-recipes","status":"publish","type":"page","link":"https:\/\/mafruitsconsultants.com\/tr\/avocado-recipes\/","title":{"rendered":"Avocado Recipes"},"content":{"rendered":"[vc_row type=&#8221;in_container&#8221; full_screen_row_position=&#8221;middle&#8221; column_margin=&#8221;default&#8221; column_direction=&#8221;default&#8221; column_direction_tablet=&#8221;default&#8221; column_direction_phone=&#8221;default&#8221; scene_position=&#8221;center&#8221; text_color=&#8221;dark&#8221; text_align=&#8221;left&#8221; row_border_radius=&#8221;none&#8221; row_border_radius_applies=&#8221;bg&#8221; overflow=&#8221;visible&#8221; overlay_strength=&#8221;0.3&#8243; gradient_direction=&#8221;left_to_right&#8221; shape_divider_position=&#8221;bottom&#8221; bg_image_animation=&#8221;none&#8221;][vc_column column_padding=&#8221;no-extra-padding&#8221; column_padding_tablet=&#8221;inherit&#8221; column_padding_phone=&#8221;inherit&#8221; column_padding_position=&#8221;all&#8221; column_element_direction_desktop=&#8221;default&#8221; column_element_spacing=&#8221;default&#8221; desktop_text_alignment=&#8221;default&#8221; tablet_text_alignment=&#8221;default&#8221; phone_text_alignment=&#8221;default&#8221; background_color_opacity=&#8221;1&#8243; background_hover_color_opacity=&#8221;1&#8243; column_backdrop_filter=&#8221;none&#8221; column_shadow=&#8221;none&#8221; column_border_radius=&#8221;none&#8221; column_link_target=&#8221;_self&#8221; column_position=&#8221;default&#8221; gradient_direction=&#8221;left_to_right&#8221; overlay_strength=&#8221;0.3&#8243; width=&#8221;1\/1&#8243; tablet_width_inherit=&#8221;default&#8221; animation_type=&#8221;default&#8221; bg_image_animation=&#8221;none&#8221; border_type=&#8221;simple&#8221; column_border_width=&#8221;none&#8221; column_border_style=&#8221;solid&#8221;][image_with_animation image_url=&#8221;7653&#8243; image_size=&#8221;full&#8221; max_width=&#8221;100%&#8221; max_width_mobile=&#8221;default&#8221; animation_type=&#8221;entrance&#8221; animation=&#8221;None&#8221; animation_movement_type=&#8221;transform_y&#8221; hover_animation=&#8221;none&#8221; alignment=&#8221;&#8221; border_radius=&#8221;none&#8221; box_shadow=&#8221;none&#8221; image_loading=&#8221;default&#8221;][\/vc_column][\/vc_row][vc_row type=&#8221;in_container&#8221; full_screen_row_position=&#8221;middle&#8221; column_margin=&#8221;default&#8221; column_direction=&#8221;default&#8221; column_direction_tablet=&#8221;default&#8221; column_direction_phone=&#8221;default&#8221; scene_position=&#8221;center&#8221; text_color=&#8221;dark&#8221; text_align=&#8221;left&#8221; row_border_radius=&#8221;none&#8221; row_border_radius_applies=&#8221;bg&#8221; overflow=&#8221;visible&#8221; overlay_strength=&#8221;0.3&#8243; gradient_direction=&#8221;left_to_right&#8221; shape_divider_position=&#8221;bottom&#8221; bg_image_animation=&#8221;none&#8221;][vc_column column_padding=&#8221;no-extra-padding&#8221; column_padding_tablet=&#8221;inherit&#8221; column_padding_phone=&#8221;inherit&#8221; column_padding_position=&#8221;all&#8221; column_element_direction_desktop=&#8221;default&#8221; column_element_spacing=&#8221;default&#8221; desktop_text_alignment=&#8221;default&#8221; tablet_text_alignment=&#8221;default&#8221; phone_text_alignment=&#8221;default&#8221; background_color_opacity=&#8221;1&#8243; background_hover_color_opacity=&#8221;1&#8243; column_backdrop_filter=&#8221;none&#8221; column_shadow=&#8221;none&#8221; column_border_radius=&#8221;none&#8221; column_link_target=&#8221;_self&#8221; column_position=&#8221;default&#8221; gradient_direction=&#8221;left_to_right&#8221; overlay_strength=&#8221;0.3&#8243; width=&#8221;1\/1&#8243; tablet_width_inherit=&#8221;default&#8221; animation_type=&#8221;default&#8221; bg_image_animation=&#8221;none&#8221; border_type=&#8221;simple&#8221; column_border_width=&#8221;none&#8221; column_border_style=&#8221;solid&#8221;][vc_row_inner column_margin=&#8221;default&#8221; column_direction=&#8221;default&#8221; column_direction_tablet=&#8221;default&#8221; column_direction_phone=&#8221;default&#8221; text_align=&#8221;left&#8221; row_position=&#8221;default&#8221; row_position_tablet=&#8221;inherit&#8221; row_position_phone=&#8221;inherit&#8221; overflow=&#8221;visible&#8221; pointer_events=&#8221;all&#8221;][vc_column_inner column_padding=&#8221;padding-2-percent&#8221; column_padding_tablet=&#8221;inherit&#8221; column_padding_phone=&#8221;inherit&#8221; column_padding_position=&#8221;right&#8221; column_element_direction_desktop=&#8221;default&#8221; column_element_spacing=&#8221;default&#8221; desktop_text_alignment=&#8221;default&#8221; tablet_text_alignment=&#8221;default&#8221; phone_text_alignment=&#8221;default&#8221; background_color_opacity=&#8221;1&#8243; background_hover_color_opacity=&#8221;1&#8243; column_backdrop_filter=&#8221;none&#8221; column_shadow=&#8221;none&#8221; column_border_radius=&#8221;none&#8221; column_link_target=&#8221;_self&#8221; overflow=&#8221;visible&#8221; gradient_direction=&#8221;left_to_right&#8221; overlay_strength=&#8221;0.3&#8243; width=&#8221;1\/2&#8243; tablet_width_inherit=&#8221;default&#8221; animation_type=&#8221;default&#8221; enable_animation=&#8221;true&#8221; animation=&#8221;fade-in-from-bottom&#8221; animation_easing=&#8221;default&#8221; bg_image_animation=&#8221;none&#8221; border_type=&#8221;simple&#8221; column_border_width=&#8221;none&#8221; column_border_style=&#8221;solid&#8221; column_padding_type=&#8221;default&#8221; gradient_type=&#8221;default&#8221;][vc_column_text css=&#8221;&#8221; text_direction=&#8221;default&#8221;]\n<h6><span style=\"color: #e7520d;\">TAR\u0130FLER<\/span><\/h6>\n[\/vc_column_text][vc_column_text css=&#8221;&#8221; text_direction=&#8221;default&#8221;]\n<h2>Avokado<\/h2>\n[\/vc_column_text][vc_column_text css=&#8221;&#8221; text_direction=&#8221;default&#8221;]\n<h3><strong><b>1) Avokado Kremal\u0131 Somon<br \/>\n<\/b><\/strong><\/h3>\n<p><strong>Haz\u0131rlan\u0131\u015f\u0131:<\/strong><br \/>\nTaze so\u011fan\u0131 ve sar\u0131msa\u011f\u0131 soyup ince ince do\u011fray\u0131n. Limonun suyunu s\u0131k\u0131n ve s\u00fcz\u00fcn. Avokadolar\u0131 ikiye kesin, \u00e7ekirdeklerini \u00e7\u0131kar\u0131n ve i\u00e7lerini bir ka\u015f\u0131kla al\u0131n. Avokado i\u00e7ini blender\u2019a (veya mutfak robotuna) al\u0131n; \u00fczerine do\u011franm\u0131\u015f so\u011fan, sar\u0131msak ve limon suyunu ekleyin. P\u00fcr\u00fczs\u00fcz bir k\u0131vam elde edene kadar \u00e7ekin. Kar\u0131\u015f\u0131ma tuz ve karabiber ekleyin, birka\u00e7 damla zeytinya\u011f\u0131 gezdirin ve iyice kar\u0131\u015ft\u0131r\u0131n. Kenarda bekletin.<br \/>\nK\u00fc\u00e7\u00fck bir kapta kavrulmu\u015f ve siyah susam\u0131 kar\u0131\u015ft\u0131r\u0131n.<\/p>\n<p>Somon filetolar\u0131n\u0131n derisini ve varsa k\u0131l\u00e7\u0131klar\u0131n\u0131 temizleyin. Bol suyla y\u0131kay\u0131p ka\u011f\u0131t havluyla kurulay\u0131n, ard\u0131ndan k\u00fcp k\u00fcp do\u011fray\u0131n. Tuz ve karabiberle baharatlay\u0131n, \u00fczerine biraz zeytinya\u011f\u0131 gezdirin ve her par\u00e7an\u0131n bir y\u00fcz\u00fcn\u00fc susam kar\u0131\u015f\u0131m\u0131na bulay\u0131n.<\/p>\n<p>Tavay\u0131 hafif\u00e7e ya\u011flay\u0131n ve k\u0131s\u0131k ate\u015fte \u0131s\u0131t\u0131n. Somonlar\u0131 \u00f6nce susaml\u0131 y\u00fcz\u00fc alta gelecek \u015fekilde tavaya al\u0131n ve her iki taraf\u0131n\u0131 k\u0131sa s\u00fcreli\u011fine m\u00fch\u00fcrleyin.<\/p>\n<p>Servis taba\u011f\u0131na avokado p\u00fcresinden k\u00fc\u00e7\u00fck yuvalar koyun, \u00fczerlerine somon k\u00fcplerini yerle\u015ftirerek servis edin.[\/vc_column_text][\/vc_column_inner][vc_column_inner column_padding=&#8221;no-extra-padding&#8221; column_padding_tablet=&#8221;inherit&#8221; column_padding_phone=&#8221;inherit&#8221; column_padding_position=&#8221;all&#8221; column_element_direction_desktop=&#8221;default&#8221; column_element_spacing=&#8221;default&#8221; desktop_text_alignment=&#8221;default&#8221; tablet_text_alignment=&#8221;default&#8221; phone_text_alignment=&#8221;default&#8221; background_color_opacity=&#8221;1&#8243; background_hover_color_opacity=&#8221;1&#8243; column_backdrop_filter=&#8221;none&#8221; column_shadow=&#8221;none&#8221; column_border_radius=&#8221;none&#8221; column_link_target=&#8221;_self&#8221; overflow=&#8221;visible&#8221; gradient_direction=&#8221;left_to_right&#8221; overlay_strength=&#8221;0.3&#8243; width=&#8221;1\/2&#8243; tablet_width_inherit=&#8221;default&#8221; animation_type=&#8221;default&#8221; bg_image_animation=&#8221;none&#8221; border_type=&#8221;simple&#8221; column_border_width=&#8221;none&#8221; column_border_style=&#8221;solid&#8221;][vc_column_text css=&#8221;.vc_custom_1756467654166{margin-bottom: 18px !important;}&#8221; text_direction=&#8221;default&#8221;]\n<h5><b>Malzemeler:<\/b><\/h5>\n[\/vc_column_text]<div class=\"nectar-fancy-ul\" data-list-icon=\"icon-salient-thin-line\" data-animation=\"true\" data-animation-delay=\"0\" data-color=\"extra-color-1\" data-spacing=\"default\" data-alignment=\"left\"> \n<ul>\n<li><b> 600 g somon fileto<\/b><\/li>\n<li><b> 2 adet avokado<\/b><\/li>\n<li><b> 1 limon<\/b><\/li>\n<li><b> 1\/2 taze so\u011fan<\/b><\/li>\n<li><b> 1\/2 di\u015f sar\u0131msak<\/b><\/li>\n<li><b> Zeytinya\u011f\u0131<\/b><\/li>\n<li><b> 1 yemek ka\u015f\u0131\u011f\u0131 kavrulmu\u015f susam<\/b><\/li>\n<li><b> 1 yemek ka\u015f\u0131\u011f\u0131 siyah susam<\/b><\/li>\n<li><b> Tuz, karabiber<\/b><\/li>\n<\/ul>\n <\/div>[divider line_type=&#8221;No Line&#8221; custom_height=&#8221;20&#8243;][\/vc_column_inner][\/vc_row_inner][\/vc_column][\/vc_row][vc_row type=&#8221;in_container&#8221; full_screen_row_position=&#8221;middle&#8221; column_margin=&#8221;default&#8221; column_direction=&#8221;default&#8221; column_direction_tablet=&#8221;default&#8221; column_direction_phone=&#8221;default&#8221; scene_position=&#8221;center&#8221; text_color=&#8221;dark&#8221; text_align=&#8221;left&#8221; row_border_radius=&#8221;none&#8221; row_border_radius_applies=&#8221;bg&#8221; overflow=&#8221;visible&#8221; overlay_strength=&#8221;0.3&#8243; gradient_direction=&#8221;left_to_right&#8221; shape_divider_position=&#8221;bottom&#8221; bg_image_animation=&#8221;none&#8221;][vc_column column_padding=&#8221;no-extra-padding&#8221; column_padding_tablet=&#8221;inherit&#8221; column_padding_phone=&#8221;inherit&#8221; column_padding_position=&#8221;all&#8221; column_element_direction_desktop=&#8221;default&#8221; column_element_spacing=&#8221;default&#8221; desktop_text_alignment=&#8221;default&#8221; tablet_text_alignment=&#8221;default&#8221; phone_text_alignment=&#8221;default&#8221; background_color_opacity=&#8221;1&#8243; background_hover_color_opacity=&#8221;1&#8243; column_backdrop_filter=&#8221;none&#8221; column_shadow=&#8221;none&#8221; column_border_radius=&#8221;none&#8221; column_link_target=&#8221;_self&#8221; column_position=&#8221;default&#8221; gradient_direction=&#8221;left_to_right&#8221; overlay_strength=&#8221;0.3&#8243; width=&#8221;1\/1&#8243; tablet_width_inherit=&#8221;default&#8221; animation_type=&#8221;default&#8221; bg_image_animation=&#8221;none&#8221; border_type=&#8221;simple&#8221; column_border_width=&#8221;none&#8221; column_border_style=&#8221;solid&#8221;][vc_row_inner column_margin=&#8221;default&#8221; column_direction=&#8221;default&#8221; column_direction_tablet=&#8221;default&#8221; column_direction_phone=&#8221;default&#8221; text_align=&#8221;left&#8221; row_position=&#8221;default&#8221; row_position_tablet=&#8221;inherit&#8221; row_position_phone=&#8221;inherit&#8221; overflow=&#8221;visible&#8221; pointer_events=&#8221;all&#8221;][vc_column_inner column_padding=&#8221;padding-2-percent&#8221; column_padding_tablet=&#8221;inherit&#8221; column_padding_phone=&#8221;inherit&#8221; column_padding_position=&#8221;right&#8221; column_element_direction_desktop=&#8221;default&#8221; column_element_spacing=&#8221;default&#8221; desktop_text_alignment=&#8221;default&#8221; tablet_text_alignment=&#8221;default&#8221; phone_text_alignment=&#8221;default&#8221; background_color_opacity=&#8221;1&#8243; background_hover_color_opacity=&#8221;1&#8243; column_backdrop_filter=&#8221;none&#8221; column_shadow=&#8221;none&#8221; column_border_radius=&#8221;none&#8221; column_link_target=&#8221;_self&#8221; overflow=&#8221;visible&#8221; gradient_direction=&#8221;left_to_right&#8221; overlay_strength=&#8221;0.3&#8243; width=&#8221;1\/2&#8243; tablet_width_inherit=&#8221;default&#8221; animation_type=&#8221;default&#8221; enable_animation=&#8221;true&#8221; animation=&#8221;fade-in-from-bottom&#8221; animation_easing=&#8221;default&#8221; bg_image_animation=&#8221;none&#8221; border_type=&#8221;simple&#8221; column_border_width=&#8221;none&#8221; column_border_style=&#8221;solid&#8221; column_padding_type=&#8221;default&#8221; gradient_type=&#8221;default&#8221;][vc_column_text css=&#8221;&#8221; text_direction=&#8221;default&#8221;]\n<h3><strong><b>2) Guacamole ve Sebze \u00c7ubuklar\u0131<\/b><\/strong><\/h3>\n<p><strong>Haz\u0131rlan\u0131\u015f\u0131:<\/strong><br \/>\nBiberleri ve kereviz sap\u0131n\u0131 temizleyin, havu\u00e7lar\u0131 soyun. T\u00fcm sebzeleri y\u0131kay\u0131n ve ince \u00e7ubuklar halinde do\u011fray\u0131n. Pita ekmeklerini de \u015feritler halinde kesin.<\/p>\n<p>Sar\u0131msak ve so\u011fan\u0131 soyup ince do\u011fray\u0131n. Avokadolar\u0131 ikiye kesip \u00e7ekirdeklerini \u00e7\u0131kar\u0131n, i\u00e7ini bir ka\u015f\u0131kla alarak hafif\u00e7e sudan ge\u00e7irin.<br \/>\nAvokadoyu, sar\u0131msak, so\u011fan, ufalanm\u0131\u015f beyaz peynir, do\u011franm\u0131\u015f taze ki\u015fni\u015f ve misket limonu suyuyla birlikte kar\u0131\u015ft\u0131r\u0131n. Arzu ederseniz \u00fczerine bir tutam pul biber serpin. Kar\u0131\u015ft\u0131r\u0131n ve servis edin.<br \/>\n[\/vc_column_text][\/vc_column_inner][vc_column_inner column_padding=&#8221;no-extra-padding&#8221; column_padding_tablet=&#8221;inherit&#8221; column_padding_phone=&#8221;inherit&#8221; column_padding_position=&#8221;all&#8221; column_element_direction_desktop=&#8221;default&#8221; column_element_spacing=&#8221;default&#8221; desktop_text_alignment=&#8221;default&#8221; tablet_text_alignment=&#8221;default&#8221; phone_text_alignment=&#8221;default&#8221; background_color_opacity=&#8221;1&#8243; background_hover_color_opacity=&#8221;1&#8243; column_backdrop_filter=&#8221;none&#8221; column_shadow=&#8221;none&#8221; column_border_radius=&#8221;none&#8221; column_link_target=&#8221;_self&#8221; overflow=&#8221;visible&#8221; gradient_direction=&#8221;left_to_right&#8221; overlay_strength=&#8221;0.3&#8243; width=&#8221;1\/2&#8243; tablet_width_inherit=&#8221;default&#8221; animation_type=&#8221;default&#8221; bg_image_animation=&#8221;none&#8221; border_type=&#8221;simple&#8221; column_border_width=&#8221;none&#8221; column_border_style=&#8221;solid&#8221;][vc_column_text css=&#8221;.vc_custom_1756467716029{margin-bottom: 18px !important;}&#8221; text_direction=&#8221;default&#8221;]\n<h5><b>Malzemeler:<\/b><\/h5>\n[\/vc_column_text]<div class=\"nectar-fancy-ul\" data-list-icon=\"icon-salient-thin-line\" data-animation=\"true\" data-animation-delay=\"0\" data-color=\"extra-color-1\" data-spacing=\"default\" data-alignment=\"left\"> \n<ul>\n<li><b> 1\/2 adet k\u0131rm\u0131z\u0131 biber\u00a0\u00a0\u00a0<\/b><\/li>\n<li><b> 1\/2 adet sar\u0131 biber\u00a0\u00a0\u00a0<\/b><\/li>\n<li><b> 2 havu\u00e7\u00a0\u00a0<\/b><\/li>\n<li><b> 1 kereviz sap\u0131\u00a0\u00a0<\/b><\/li>\n<li><b> 2 adet pita ekme\u011fi\u00a0\u00a0<\/b><\/li>\n<li><b> 2 adet avokado\u00a0\u00a0<\/b><\/li>\n<li><b> 100 g beyaz peynir (veya feta peyniri)\u00a0\u00a0<\/b><\/li>\n<li><b> 1\/2 so\u011fan\u00a0\u00a0\u00a0<\/b><\/li>\n<li><b> 1 di\u015f sar\u0131msak\u00a0\u00a0<\/b><\/li>\n<li><b> 2 dal taze ki\u015fni\u015f\u00a0\u00a0<\/b><\/li>\n<li><b> 1 adet misket limonu\u00a0\u00a0<\/b><\/li>\n<li><b> Bir tutam pul biber (veya ac\u0131 biber)\u00a0\u00a0<\/b><\/li>\n<li><b> Tuz ve karabiber\u00a0 <\/b><\/li>\n<\/ul>\n <\/div>[\/vc_column_inner][\/vc_row_inner][\/vc_column][\/vc_row]\n","protected":false},"excerpt":{"rendered":"<p>[vc_row type=&#8221;in_container&#8221; full_screen_row_position=&#8221;middle&#8221; column_margin=&#8221;default&#8221; column_direction=&#8221;default&#8221; column_direction_tablet=&#8221;default&#8221; column_direction_phone=&#8221;default&#8221; scene_position=&#8221;center&#8221; text_color=&#8221;dark&#8221; text_align=&#8221;left&#8221; row_border_radius=&#8221;none&#8221; row_border_radius_applies=&#8221;bg&#8221; overflow=&#8221;visible&#8221; overlay_strength=&#8221;0.3&#8243; gradient_direction=&#8221;left_to_right&#8221;&#8230;<\/p>\n","protected":false},"author":13,"featured_media":7653,"parent":0,"menu_order":0,"comment_status":"closed","ping_status":"closed","template":"","meta":{"footnotes":""},"class_list":["post-7681","page","type-page","status-publish","has-post-thumbnail"],"yoast_head":"<!-- This site is optimized with the Yoast SEO plugin v26.5 - https:\/\/yoast.com\/wordpress\/plugins\/seo\/ -->\n<title>Avocado Recipes<\/title>\n<meta name=\"description\" content=\"Avokado Tarifleri - Avokado Kremal\u0131 Somon ve Guacamole ve Sebze \u00c7ubuklar\u0131\" \/>\n<meta name=\"robots\" content=\"index, follow, max-snippet:-1, max-image-preview:large, max-video-preview:-1\" \/>\n<link rel=\"canonical\" href=\"https:\/\/mafruitsconsultants.com\/tr\/avocado-recipes\/\" \/>\n<meta property=\"og:locale\" content=\"tr_TR\" \/>\n<meta property=\"og:locale:alternate\" content=\"en_US\" \/>\n<meta property=\"og:type\" content=\"article\" \/>\n<meta property=\"og:title\" content=\"Avocado Recipes\" \/>\n<meta property=\"og:description\" content=\"Avokado Tarifleri - Avokado Kremal\u0131 Somon ve Guacamole ve Sebze \u00c7ubuklar\u0131\" \/>\n<meta property=\"og:url\" content=\"https:\/\/mafruitsconsultants.com\/tr\/avocado-recipes\/\" \/>\n<meta property=\"og:site_name\" content=\"MA Fruits Consultants\" \/>\n<meta property=\"article:publisher\" content=\"https:\/\/www.facebook.com\/MA-Fruits-Consultants-613454822477373\" \/>\n<meta property=\"article:modified_time\" content=\"2025-08-29T11:44:14+00:00\" \/>\n<meta property=\"og:image\" content=\"https:\/\/mafruitsconsultants.com\/wp-content\/uploads\/2025\/08\/avocado-recipes-2.jpg\" \/>\n\t<meta property=\"og:image:width\" content=\"1728\" \/>\n\t<meta property=\"og:image:height\" content=\"1046\" \/>\n\t<meta property=\"og:image:type\" content=\"image\/jpeg\" \/>\n<meta name=\"twitter:card\" content=\"summary_large_image\" \/>\n<meta name=\"twitter:label1\" content=\"Tahmini okuma s\u00fcresi\" \/>\n\t<meta name=\"twitter:data1\" content=\"3 dakika\" \/>\n<script type=\"application\/ld+json\" class=\"yoast-schema-graph\">{\"@context\":\"https:\/\/schema.org\",\"@graph\":[{\"@type\":\"WebPage\",\"@id\":\"https:\/\/mafruitsconsultants.com\/tr\/avocado-recipes\/\",\"url\":\"https:\/\/mafruitsconsultants.com\/tr\/avocado-recipes\/\",\"name\":\"Avocado Recipes\",\"isPartOf\":{\"@id\":\"https:\/\/mafruitsconsultants.com\/#website\"},\"primaryImageOfPage\":{\"@id\":\"https:\/\/mafruitsconsultants.com\/tr\/avocado-recipes\/#primaryimage\"},\"image\":{\"@id\":\"https:\/\/mafruitsconsultants.com\/tr\/avocado-recipes\/#primaryimage\"},\"thumbnailUrl\":\"https:\/\/mafruitsconsultants.com\/wp-content\/uploads\/2025\/08\/avocado-recipes-2.jpg\",\"datePublished\":\"2025-08-27T12:38:47+00:00\",\"dateModified\":\"2025-08-29T11:44:14+00:00\",\"description\":\"Avokado Tarifleri - Avokado Kremal\u0131 Somon ve Guacamole ve Sebze \u00c7ubuklar\u0131\",\"breadcrumb\":{\"@id\":\"https:\/\/mafruitsconsultants.com\/tr\/avocado-recipes\/#breadcrumb\"},\"inLanguage\":\"tr-TR\",\"potentialAction\":[{\"@type\":\"ReadAction\",\"target\":[\"https:\/\/mafruitsconsultants.com\/tr\/avocado-recipes\/\"]}]},{\"@type\":\"ImageObject\",\"inLanguage\":\"tr-TR\",\"@id\":\"https:\/\/mafruitsconsultants.com\/tr\/avocado-recipes\/#primaryimage\",\"url\":\"https:\/\/mafruitsconsultants.com\/wp-content\/uploads\/2025\/08\/avocado-recipes-2.jpg\",\"contentUrl\":\"https:\/\/mafruitsconsultants.com\/wp-content\/uploads\/2025\/08\/avocado-recipes-2.jpg\",\"width\":1728,\"height\":1046,\"caption\":\"avocado recipes\"},{\"@type\":\"BreadcrumbList\",\"@id\":\"https:\/\/mafruitsconsultants.com\/tr\/avocado-recipes\/#breadcrumb\",\"itemListElement\":[{\"@type\":\"ListItem\",\"position\":1,\"name\":\"Home\",\"item\":\"https:\/\/mafruitsconsultants.com\/\"},{\"@type\":\"ListItem\",\"position\":2,\"name\":\"Avocado Recipes\"}]},{\"@type\":\"WebSite\",\"@id\":\"https:\/\/mafruitsconsultants.com\/#website\",\"url\":\"https:\/\/mafruitsconsultants.com\/\",\"name\":\"MA Fruits Consultants\",\"description\":\"Exporting Banana, Pineapple, and Onion.\",\"publisher\":{\"@id\":\"https:\/\/mafruitsconsultants.com\/#organization\"},\"potentialAction\":[{\"@type\":\"SearchAction\",\"target\":{\"@type\":\"EntryPoint\",\"urlTemplate\":\"https:\/\/mafruitsconsultants.com\/?s={search_term_string}\"},\"query-input\":{\"@type\":\"PropertyValueSpecification\",\"valueRequired\":true,\"valueName\":\"search_term_string\"}}],\"inLanguage\":\"tr-TR\"},{\"@type\":\"Organization\",\"@id\":\"https:\/\/mafruitsconsultants.com\/#organization\",\"name\":\"MA Fruits Consultants\",\"url\":\"https:\/\/mafruitsconsultants.com\/\",\"logo\":{\"@type\":\"ImageObject\",\"inLanguage\":\"tr-TR\",\"@id\":\"https:\/\/mafruitsconsultants.com\/#\/schema\/logo\/image\/\",\"url\":\"https:\/\/i0.wp.com\/mafruitsconsultants.com\/wp-content\/uploads\/2020\/06\/MA_LOGO_MD.png?fit=1280%2C526&ssl=1\",\"contentUrl\":\"https:\/\/i0.wp.com\/mafruitsconsultants.com\/wp-content\/uploads\/2020\/06\/MA_LOGO_MD.png?fit=1280%2C526&ssl=1\",\"width\":1280,\"height\":526,\"caption\":\"MA Fruits Consultants\"},\"image\":{\"@id\":\"https:\/\/mafruitsconsultants.com\/#\/schema\/logo\/image\/\"},\"sameAs\":[\"https:\/\/www.facebook.com\/MA-Fruits-Consultants-613454822477373\",\"https:\/\/tr.pinterest.com\/MAFruitsConsultants\/\",\"https:\/\/www.youtube.com\/channel\/UCPISN9fzh4wjZmrE4lCJTMg\"]}]}<\/script>\n<!-- \/ Yoast SEO plugin. -->","yoast_head_json":{"title":"Avocado Recipes","description":"Avokado Tarifleri - Avokado Kremal\u0131 Somon ve Guacamole ve Sebze \u00c7ubuklar\u0131","robots":{"index":"index","follow":"follow","max-snippet":"max-snippet:-1","max-image-preview":"max-image-preview:large","max-video-preview":"max-video-preview:-1"},"canonical":"https:\/\/mafruitsconsultants.com\/tr\/avocado-recipes\/","og_locale":"tr_TR","og_type":"article","og_title":"[:en]Avocado Recipes[:tr]Avocado Recipes[:] - MA Fruits Consultants DMA Foods","og_description":"[:en]Avocado Recipes - Salmon with Avocado Cream and Guacamole and vegetables...[:tr]Avokado Tarifleri - Avokado Kremal\u0131 Somon ve Guacamole ve Sebze \u00c7ubuklar\u0131[:]","og_url":"https:\/\/mafruitsconsultants.com\/tr\/avocado-recipes\/","og_site_name":"MA Fruits Consultants","article_publisher":"https:\/\/www.facebook.com\/MA-Fruits-Consultants-613454822477373","article_modified_time":"2025-08-29T11:44:14+00:00","og_image":[{"width":1728,"height":1046,"url":"https:\/\/mafruitsconsultants.com\/wp-content\/uploads\/2025\/08\/avocado-recipes-2.jpg","type":"image\/jpeg"}],"twitter_card":"summary_large_image","twitter_misc":{"Tahmini okuma s\u00fcresi":"3 dakika"},"schema":{"@context":"https:\/\/schema.org","@graph":[{"@type":"WebPage","@id":"https:\/\/mafruitsconsultants.com\/tr\/avocado-recipes\/","url":"https:\/\/mafruitsconsultants.com\/tr\/avocado-recipes\/","name":"Avocado Recipes","isPartOf":{"@id":"https:\/\/mafruitsconsultants.com\/#website"},"primaryImageOfPage":{"@id":"https:\/\/mafruitsconsultants.com\/tr\/avocado-recipes\/#primaryimage"},"image":{"@id":"https:\/\/mafruitsconsultants.com\/tr\/avocado-recipes\/#primaryimage"},"thumbnailUrl":"https:\/\/mafruitsconsultants.com\/wp-content\/uploads\/2025\/08\/avocado-recipes-2.jpg","datePublished":"2025-08-27T12:38:47+00:00","dateModified":"2025-08-29T11:44:14+00:00","description":"Avokado Tarifleri - Avokado Kremal\u0131 Somon ve Guacamole ve Sebze \u00c7ubuklar\u0131","breadcrumb":{"@id":"https:\/\/mafruitsconsultants.com\/tr\/avocado-recipes\/#breadcrumb"},"inLanguage":"tr-TR","potentialAction":[{"@type":"ReadAction","target":["https:\/\/mafruitsconsultants.com\/tr\/avocado-recipes\/"]}]},{"@type":"ImageObject","inLanguage":"tr-TR","@id":"https:\/\/mafruitsconsultants.com\/tr\/avocado-recipes\/#primaryimage","url":"https:\/\/mafruitsconsultants.com\/wp-content\/uploads\/2025\/08\/avocado-recipes-2.jpg","contentUrl":"https:\/\/mafruitsconsultants.com\/wp-content\/uploads\/2025\/08\/avocado-recipes-2.jpg","width":1728,"height":1046,"caption":"avocado recipes"},{"@type":"BreadcrumbList","@id":"https:\/\/mafruitsconsultants.com\/tr\/avocado-recipes\/#breadcrumb","itemListElement":[{"@type":"ListItem","position":1,"name":"Home","item":"https:\/\/mafruitsconsultants.com\/"},{"@type":"ListItem","position":2,"name":"Avocado Recipes"}]},{"@type":"WebSite","@id":"https:\/\/mafruitsconsultants.com\/#website","url":"https:\/\/mafruitsconsultants.com\/","name":"MA Fruits Consultants","description":"Exporting Banana, Pineapple, and Onion.","publisher":{"@id":"https:\/\/mafruitsconsultants.com\/#organization"},"potentialAction":[{"@type":"SearchAction","target":{"@type":"EntryPoint","urlTemplate":"https:\/\/mafruitsconsultants.com\/?s={search_term_string}"},"query-input":{"@type":"PropertyValueSpecification","valueRequired":true,"valueName":"search_term_string"}}],"inLanguage":"tr-TR"},{"@type":"Organization","@id":"https:\/\/mafruitsconsultants.com\/#organization","name":"MA Fruits Consultants","url":"https:\/\/mafruitsconsultants.com\/","logo":{"@type":"ImageObject","inLanguage":"tr-TR","@id":"https:\/\/mafruitsconsultants.com\/#\/schema\/logo\/image\/","url":"https:\/\/i0.wp.com\/mafruitsconsultants.com\/wp-content\/uploads\/2020\/06\/MA_LOGO_MD.png?fit=1280%2C526&ssl=1","contentUrl":"https:\/\/i0.wp.com\/mafruitsconsultants.com\/wp-content\/uploads\/2020\/06\/MA_LOGO_MD.png?fit=1280%2C526&ssl=1","width":1280,"height":526,"caption":"MA Fruits Consultants"},"image":{"@id":"https:\/\/mafruitsconsultants.com\/#\/schema\/logo\/image\/"},"sameAs":["https:\/\/www.facebook.com\/MA-Fruits-Consultants-613454822477373","https:\/\/tr.pinterest.com\/MAFruitsConsultants\/","https:\/\/www.youtube.com\/channel\/UCPISN9fzh4wjZmrE4lCJTMg"]}]}},"_links":{"self":[{"href":"https:\/\/mafruitsconsultants.com\/tr\/wp-json\/wp\/v2\/pages\/7681","targetHints":{"allow":["GET"]}}],"collection":[{"href":"https:\/\/mafruitsconsultants.com\/tr\/wp-json\/wp\/v2\/pages"}],"about":[{"href":"https:\/\/mafruitsconsultants.com\/tr\/wp-json\/wp\/v2\/types\/page"}],"author":[{"embeddable":true,"href":"https:\/\/mafruitsconsultants.com\/tr\/wp-json\/wp\/v2\/users\/13"}],"replies":[{"embeddable":true,"href":"https:\/\/mafruitsconsultants.com\/tr\/wp-json\/wp\/v2\/comments?post=7681"}],"version-history":[{"count":3,"href":"https:\/\/mafruitsconsultants.com\/tr\/wp-json\/wp\/v2\/pages\/7681\/revisions"}],"predecessor-version":[{"id":7735,"href":"https:\/\/mafruitsconsultants.com\/tr\/wp-json\/wp\/v2\/pages\/7681\/revisions\/7735"}],"wp:featuredmedia":[{"embeddable":true,"href":"https:\/\/mafruitsconsultants.com\/tr\/wp-json\/wp\/v2\/media\/7653"}],"wp:attachment":[{"href":"https:\/\/mafruitsconsultants.com\/tr\/wp-json\/wp\/v2\/media?parent=7681"}],"curies":[{"name":"wp","href":"https:\/\/api.w.org\/{rel}","templated":true}]}}