{"id":7677,"date":"2025-08-27T15:34:12","date_gmt":"2025-08-27T12:34:12","guid":{"rendered":"https:\/\/mafruitsconsultants.com\/?page_id=7677"},"modified":"2025-08-29T14:30:41","modified_gmt":"2025-08-29T11:30:41","slug":"mango-recipes","status":"publish","type":"page","link":"https:\/\/mafruitsconsultants.com\/tr\/mango-recipes\/","title":{"rendered":"Mango Tarifleri"},"content":{"rendered":"[vc_row type=&#8221;in_container&#8221; full_screen_row_position=&#8221;middle&#8221; column_margin=&#8221;default&#8221; column_direction=&#8221;default&#8221; column_direction_tablet=&#8221;default&#8221; column_direction_phone=&#8221;default&#8221; scene_position=&#8221;center&#8221; text_color=&#8221;dark&#8221; text_align=&#8221;left&#8221; row_border_radius=&#8221;none&#8221; row_border_radius_applies=&#8221;bg&#8221; overflow=&#8221;visible&#8221; overlay_strength=&#8221;0.3&#8243; gradient_direction=&#8221;left_to_right&#8221; shape_divider_position=&#8221;bottom&#8221; bg_image_animation=&#8221;none&#8221;][vc_column column_padding=&#8221;no-extra-padding&#8221; column_padding_tablet=&#8221;inherit&#8221; column_padding_phone=&#8221;inherit&#8221; column_padding_position=&#8221;all&#8221; column_element_direction_desktop=&#8221;default&#8221; column_element_spacing=&#8221;default&#8221; desktop_text_alignment=&#8221;default&#8221; tablet_text_alignment=&#8221;default&#8221; phone_text_alignment=&#8221;default&#8221; background_color_opacity=&#8221;1&#8243; background_hover_color_opacity=&#8221;1&#8243; column_backdrop_filter=&#8221;none&#8221; column_shadow=&#8221;none&#8221; column_border_radius=&#8221;none&#8221; column_link_target=&#8221;_self&#8221; column_position=&#8221;default&#8221; gradient_direction=&#8221;left_to_right&#8221; overlay_strength=&#8221;0.3&#8243; width=&#8221;1\/1&#8243; tablet_width_inherit=&#8221;default&#8221; animation_type=&#8221;default&#8221; bg_image_animation=&#8221;none&#8221; border_type=&#8221;simple&#8221; column_border_width=&#8221;none&#8221; column_border_style=&#8221;solid&#8221;][image_with_animation image_url=&#8221;7652&#8243; image_size=&#8221;full&#8221; max_width=&#8221;100%&#8221; max_width_mobile=&#8221;default&#8221; animation_type=&#8221;entrance&#8221; animation=&#8221;None&#8221; animation_movement_type=&#8221;transform_y&#8221; hover_animation=&#8221;none&#8221; alignment=&#8221;&#8221; border_radius=&#8221;none&#8221; box_shadow=&#8221;none&#8221; image_loading=&#8221;default&#8221;][\/vc_column][\/vc_row][vc_row type=&#8221;in_container&#8221; full_screen_row_position=&#8221;middle&#8221; column_margin=&#8221;default&#8221; column_direction=&#8221;default&#8221; column_direction_tablet=&#8221;default&#8221; column_direction_phone=&#8221;default&#8221; scene_position=&#8221;center&#8221; text_color=&#8221;dark&#8221; text_align=&#8221;left&#8221; row_border_radius=&#8221;none&#8221; row_border_radius_applies=&#8221;bg&#8221; overflow=&#8221;visible&#8221; overlay_strength=&#8221;0.3&#8243; gradient_direction=&#8221;left_to_right&#8221; shape_divider_position=&#8221;bottom&#8221; bg_image_animation=&#8221;none&#8221;][vc_column column_padding=&#8221;no-extra-padding&#8221; column_padding_tablet=&#8221;inherit&#8221; column_padding_phone=&#8221;inherit&#8221; column_padding_position=&#8221;all&#8221; column_element_direction_desktop=&#8221;default&#8221; column_element_spacing=&#8221;default&#8221; desktop_text_alignment=&#8221;default&#8221; tablet_text_alignment=&#8221;default&#8221; phone_text_alignment=&#8221;default&#8221; background_color_opacity=&#8221;1&#8243; background_hover_color_opacity=&#8221;1&#8243; column_backdrop_filter=&#8221;none&#8221; column_shadow=&#8221;none&#8221; column_border_radius=&#8221;none&#8221; column_link_target=&#8221;_self&#8221; column_position=&#8221;default&#8221; gradient_direction=&#8221;left_to_right&#8221; overlay_strength=&#8221;0.3&#8243; width=&#8221;1\/1&#8243; tablet_width_inherit=&#8221;default&#8221; animation_type=&#8221;default&#8221; bg_image_animation=&#8221;none&#8221; border_type=&#8221;simple&#8221; column_border_width=&#8221;none&#8221; column_border_style=&#8221;solid&#8221;][vc_row_inner column_margin=&#8221;default&#8221; column_direction=&#8221;default&#8221; column_direction_tablet=&#8221;default&#8221; column_direction_phone=&#8221;default&#8221; text_align=&#8221;left&#8221; row_position=&#8221;default&#8221; row_position_tablet=&#8221;inherit&#8221; row_position_phone=&#8221;inherit&#8221; overflow=&#8221;visible&#8221; pointer_events=&#8221;all&#8221;][vc_column_inner column_padding=&#8221;padding-2-percent&#8221; column_padding_tablet=&#8221;inherit&#8221; column_padding_phone=&#8221;inherit&#8221; column_padding_position=&#8221;right&#8221; column_element_direction_desktop=&#8221;default&#8221; column_element_spacing=&#8221;default&#8221; desktop_text_alignment=&#8221;default&#8221; tablet_text_alignment=&#8221;default&#8221; phone_text_alignment=&#8221;default&#8221; background_color_opacity=&#8221;1&#8243; background_hover_color_opacity=&#8221;1&#8243; column_backdrop_filter=&#8221;none&#8221; column_shadow=&#8221;none&#8221; column_border_radius=&#8221;none&#8221; column_link_target=&#8221;_self&#8221; overflow=&#8221;visible&#8221; gradient_direction=&#8221;left_to_right&#8221; overlay_strength=&#8221;0.3&#8243; width=&#8221;1\/2&#8243; tablet_width_inherit=&#8221;default&#8221; animation_type=&#8221;default&#8221; enable_animation=&#8221;true&#8221; animation=&#8221;fade-in-from-bottom&#8221; animation_easing=&#8221;default&#8221; bg_image_animation=&#8221;none&#8221; border_type=&#8221;simple&#8221; column_border_width=&#8221;none&#8221; column_border_style=&#8221;solid&#8221; column_padding_type=&#8221;default&#8221; gradient_type=&#8221;default&#8221;][vc_column_text css=&#8221;&#8221; text_direction=&#8221;default&#8221;]\n<h6><span style=\"color: #e7520d;\">TAR\u0130FLER<\/span><\/h6>\n[\/vc_column_text][vc_column_text css=&#8221;&#8221; text_direction=&#8221;default&#8221;]\n<h2>Mango<\/h2>\n[\/vc_column_text][vc_column_text css=&#8221;&#8221; text_direction=&#8221;default&#8221;]\n<h3><strong><b>1) Deniz Tara\u011f\u0131 ve Mango Ceviche<br \/>\n<\/b><\/strong><\/h3>\n<p><strong>Haz\u0131rlan\u0131\u015f\u0131:<\/strong><br \/>\nDeniz taraklar\u0131n\u0131, misket limonu suyunu, mangoyu, jicama\u2019y\u0131, domatesleri, taze ki\u015fni\u015fi, so\u011fan\u0131, biberi, tavuk bulyon tozunu ve toz k\u0131rm\u0131z\u0131 biberi geni\u015f cam (veya paslanmaz) bir kapta birle\u015ftirin. Malzemeleri b\u00fcy\u00fck bir ka\u015f\u0131kla nazik\u00e7e kar\u0131\u015ft\u0131r\u0131n. \u00dczerini stre\u00e7 filmle kapat\u0131n.<\/p>\n<p>Kar\u0131\u015f\u0131m\u0131 buzdolab\u0131nda 2 ila 10 saat aras\u0131nda dinlendirin. Ceviche, 2 saat i\u00e7inde pi\u015fmi\u015f h\u00e2le gelir; 10 saate kadar tazeli\u011fini korur.<\/p>\n<p>Arzuya g\u00f6re tortilla cipsi e\u015fli\u011finde servis edin.[\/vc_column_text][\/vc_column_inner][vc_column_inner column_padding=&#8221;no-extra-padding&#8221; column_padding_tablet=&#8221;inherit&#8221; column_padding_phone=&#8221;inherit&#8221; column_padding_position=&#8221;all&#8221; column_element_direction_desktop=&#8221;default&#8221; column_element_spacing=&#8221;default&#8221; desktop_text_alignment=&#8221;default&#8221; tablet_text_alignment=&#8221;default&#8221; phone_text_alignment=&#8221;default&#8221; background_color_opacity=&#8221;1&#8243; background_hover_color_opacity=&#8221;1&#8243; column_backdrop_filter=&#8221;none&#8221; column_shadow=&#8221;none&#8221; column_border_radius=&#8221;none&#8221; column_link_target=&#8221;_self&#8221; overflow=&#8221;visible&#8221; gradient_direction=&#8221;left_to_right&#8221; overlay_strength=&#8221;0.3&#8243; width=&#8221;1\/2&#8243; tablet_width_inherit=&#8221;default&#8221; animation_type=&#8221;default&#8221; bg_image_animation=&#8221;none&#8221; border_type=&#8221;simple&#8221; column_border_width=&#8221;none&#8221; column_border_style=&#8221;solid&#8221;][vc_column_text css=&#8221;.vc_custom_1756466713202{margin-bottom: 18px !important;}&#8221; text_direction=&#8221;default&#8221;]\n<h5><b>Malzemeler:<\/b><\/h5>\n[\/vc_column_text]<div class=\"nectar-fancy-ul\" data-list-icon=\"icon-salient-thin-line\" data-animation=\"true\" data-animation-delay=\"0\" data-color=\"extra-color-1\" data-spacing=\"default\" data-alignment=\"left\"> \n<ul>\n<li><b> 450 g deniz tara\u011f\u0131 (d\u00f6rde b\u00f6l\u00fcnm\u00fc\u015f)<\/b><\/li>\n<li><b> 1 su barda\u011f\u0131 taze misket limon suyu<\/b><\/li>\n<li><b> 1 adet do\u011franm\u0131\u015f mango<\/b><\/li>\n<li><b> 2\/3 su barda\u011f\u0131 do\u011franm\u0131\u015f jicama (iste\u011fe ba\u011fl\u0131)<\/b><\/li>\n<li><b> 1\/2 su barda\u011f\u0131 \u00e7eyreklenmi\u015f kiraz domates<\/b><\/li>\n<li><b> 1\/3 su barda\u011f\u0131 do\u011franm\u0131\u015f taze ki\u015fni\u015f<\/b><\/li>\n<li><b> 1\/4 su barda\u011f\u0131 do\u011franm\u0131\u015f k\u0131rm\u0131z\u0131 so\u011fan<\/b><\/li>\n<li><b> 1 adet serrano biberi (\u00e7ekirdekleri \u00e7\u0131kar\u0131lm\u0131\u015f, do\u011franm\u0131\u015f)<\/b><\/li>\n<li><b> 1 \u00e7ay ka\u015f\u0131\u011f\u0131 tavuk bulyon tozu<\/b><\/li>\n<li><b> 1 \u00e7ay ka\u015f\u0131\u011f\u0131 toz k\u0131rm\u0131z\u0131 biber<\/b><\/li>\n<li><b> \u0130ste\u011fe ba\u011fl\u0131 tortilla cipsi <\/b><\/li>\n<\/ul>\n <\/div>[divider line_type=&#8221;No Line&#8221; custom_height=&#8221;20&#8243;][\/vc_column_inner][\/vc_row_inner][\/vc_column][\/vc_row][vc_row type=&#8221;in_container&#8221; full_screen_row_position=&#8221;middle&#8221; column_margin=&#8221;default&#8221; column_direction=&#8221;default&#8221; column_direction_tablet=&#8221;default&#8221; column_direction_phone=&#8221;default&#8221; scene_position=&#8221;center&#8221; text_color=&#8221;dark&#8221; text_align=&#8221;left&#8221; row_border_radius=&#8221;none&#8221; row_border_radius_applies=&#8221;bg&#8221; overflow=&#8221;visible&#8221; overlay_strength=&#8221;0.3&#8243; gradient_direction=&#8221;left_to_right&#8221; shape_divider_position=&#8221;bottom&#8221; bg_image_animation=&#8221;none&#8221;][vc_column column_padding=&#8221;no-extra-padding&#8221; column_padding_tablet=&#8221;inherit&#8221; column_padding_phone=&#8221;inherit&#8221; column_padding_position=&#8221;all&#8221; column_element_direction_desktop=&#8221;default&#8221; column_element_spacing=&#8221;default&#8221; desktop_text_alignment=&#8221;default&#8221; tablet_text_alignment=&#8221;default&#8221; phone_text_alignment=&#8221;default&#8221; background_color_opacity=&#8221;1&#8243; background_hover_color_opacity=&#8221;1&#8243; column_backdrop_filter=&#8221;none&#8221; column_shadow=&#8221;none&#8221; column_border_radius=&#8221;none&#8221; column_link_target=&#8221;_self&#8221; column_position=&#8221;default&#8221; gradient_direction=&#8221;left_to_right&#8221; overlay_strength=&#8221;0.3&#8243; width=&#8221;1\/1&#8243; tablet_width_inherit=&#8221;default&#8221; animation_type=&#8221;default&#8221; bg_image_animation=&#8221;none&#8221; border_type=&#8221;simple&#8221; column_border_width=&#8221;none&#8221; column_border_style=&#8221;solid&#8221;][vc_row_inner column_margin=&#8221;default&#8221; column_direction=&#8221;default&#8221; column_direction_tablet=&#8221;default&#8221; column_direction_phone=&#8221;default&#8221; text_align=&#8221;left&#8221; row_position=&#8221;default&#8221; row_position_tablet=&#8221;inherit&#8221; row_position_phone=&#8221;inherit&#8221; overflow=&#8221;visible&#8221; pointer_events=&#8221;all&#8221;][vc_column_inner column_padding=&#8221;padding-2-percent&#8221; column_padding_tablet=&#8221;inherit&#8221; column_padding_phone=&#8221;inherit&#8221; column_padding_position=&#8221;right&#8221; column_element_direction_desktop=&#8221;default&#8221; column_element_spacing=&#8221;default&#8221; desktop_text_alignment=&#8221;default&#8221; tablet_text_alignment=&#8221;default&#8221; phone_text_alignment=&#8221;default&#8221; background_color_opacity=&#8221;1&#8243; background_hover_color_opacity=&#8221;1&#8243; column_backdrop_filter=&#8221;none&#8221; column_shadow=&#8221;none&#8221; column_border_radius=&#8221;none&#8221; column_link_target=&#8221;_self&#8221; overflow=&#8221;visible&#8221; gradient_direction=&#8221;left_to_right&#8221; overlay_strength=&#8221;0.3&#8243; width=&#8221;1\/2&#8243; tablet_width_inherit=&#8221;default&#8221; animation_type=&#8221;default&#8221; enable_animation=&#8221;true&#8221; animation=&#8221;fade-in-from-bottom&#8221; animation_easing=&#8221;default&#8221; bg_image_animation=&#8221;none&#8221; border_type=&#8221;simple&#8221; column_border_width=&#8221;none&#8221; column_border_style=&#8221;solid&#8221; column_padding_type=&#8221;default&#8221; gradient_type=&#8221;default&#8221;][vc_column_text css=&#8221;&#8221; text_direction=&#8221;default&#8221;]\n<h3><strong><b>2) Baharatl\u0131 Mango Sosu<\/b><\/strong><\/h3>\n<p><strong>Haz\u0131rlan\u0131\u015f\u0131:<\/strong><br \/>\nMangoyu, misket limonu suyu ve kabuk rendesini, bal\u0131, kimyonu, biber ezmesini, sar\u0131msa\u011f\u0131, naneyi, taze ki\u015fni\u015fi, tuzu, karabiberi ve Meksika usul\u00fc kremay\u0131 blender\u2019a al\u0131n. Kapa\u011f\u0131n\u0131 kapat\u0131n.<\/p>\n<p>Blender\u2019\u0131 \u00f6nce d\u00fc\u015f\u00fck h\u0131zda 30 saniye \u00e7al\u0131\u015ft\u0131r\u0131n, kenarlardaki kar\u0131\u015f\u0131m\u0131 spatula ile s\u0131y\u0131r\u0131n. Ard\u0131ndan orta h\u0131zda 1 dakika daha \u00e7al\u0131\u015ft\u0131r\u0131n ve kenarlar\u0131 bir kez daha s\u0131y\u0131r\u0131n. Son olarak y\u00fcksek h\u0131zda 1 dakika \u00e7ekin ya da kar\u0131\u015f\u0131m tamamen p\u00fcr\u00fczs\u00fcz olana kadar devam edin.<\/p>\n<p>Haz\u0131rlad\u0131\u011f\u0131n\u0131z sosu bir kaseye al\u0131n ve servis edin.<br \/>\nK\u0131zart\u0131lm\u0131\u015f karides, bal\u0131k tacosu ya da baharatl\u0131 tavuk ve bal\u0131kla harika uyum sa\u011flar.<br \/>\n[\/vc_column_text][\/vc_column_inner][vc_column_inner column_padding=&#8221;no-extra-padding&#8221; column_padding_tablet=&#8221;inherit&#8221; column_padding_phone=&#8221;inherit&#8221; column_padding_position=&#8221;all&#8221; column_element_direction_desktop=&#8221;default&#8221; column_element_spacing=&#8221;default&#8221; desktop_text_alignment=&#8221;default&#8221; tablet_text_alignment=&#8221;default&#8221; phone_text_alignment=&#8221;default&#8221; background_color_opacity=&#8221;1&#8243; background_hover_color_opacity=&#8221;1&#8243; column_backdrop_filter=&#8221;none&#8221; column_shadow=&#8221;none&#8221; column_border_radius=&#8221;none&#8221; column_link_target=&#8221;_self&#8221; overflow=&#8221;visible&#8221; gradient_direction=&#8221;left_to_right&#8221; overlay_strength=&#8221;0.3&#8243; width=&#8221;1\/2&#8243; tablet_width_inherit=&#8221;default&#8221; animation_type=&#8221;default&#8221; bg_image_animation=&#8221;none&#8221; border_type=&#8221;simple&#8221; column_border_width=&#8221;none&#8221; column_border_style=&#8221;solid&#8221;][vc_column_text css=&#8221;.vc_custom_1756466805543{margin-bottom: 18px !important;}&#8221; text_direction=&#8221;default&#8221;]\n<h5><b>Malzemeler:<\/b><\/h5>\n[\/vc_column_text]<div class=\"nectar-fancy-ul\" data-list-icon=\"icon-salient-thin-line\" data-animation=\"true\" data-animation-delay=\"0\" data-color=\"extra-color-1\" data-spacing=\"default\" data-alignment=\"left\"> \n<ul>\n<li><b> 1 su barda\u011f\u0131 do\u011franm\u0131\u015f mango<\/b><\/li>\n<li><b> 1 limonun suyu ve kabuk rendesi<\/b><\/li>\n<li><b> 2 yemek ka\u015f\u0131\u011f\u0131 bal<\/b><\/li>\n<li><b> 1\/2 \u00e7ay ka\u015f\u0131\u011f\u0131 kimyon<\/b><\/li>\n<li><b> 2 yemek ka\u015f\u0131\u011f\u0131 sar\u0131 biber ezmesi (veya jalapeno)<\/b><\/li>\n<li><b> 1 di\u015f ince do\u011franm\u0131\u015f sar\u0131msak<\/b><\/li>\n<li><b> 4 taze nane yapra\u011f\u0131<\/b><\/li>\n<li><b> 1\/4 su barda\u011f\u0131 taze ki\u015fni\u015f<\/b><\/li>\n<li><b> 1\/2 \u00e7ay ka\u015f\u0131\u011f\u0131 tuz<\/b><\/li>\n<li><b> 1\/4 \u00e7ay ka\u015f\u0131\u011f\u0131 karabiber<\/b><\/li>\n<li><b> 1\/2 su barda\u011f\u0131 ek\u015fi krema<\/b><\/li>\n<\/ul>\n <\/div>[\/vc_column_inner][\/vc_row_inner][\/vc_column][\/vc_row]\n","protected":false},"excerpt":{"rendered":"<p>[vc_row type=&#8221;in_container&#8221; full_screen_row_position=&#8221;middle&#8221; column_margin=&#8221;default&#8221; column_direction=&#8221;default&#8221; column_direction_tablet=&#8221;default&#8221; column_direction_phone=&#8221;default&#8221; scene_position=&#8221;center&#8221; text_color=&#8221;dark&#8221; text_align=&#8221;left&#8221; row_border_radius=&#8221;none&#8221; row_border_radius_applies=&#8221;bg&#8221; overflow=&#8221;visible&#8221; overlay_strength=&#8221;0.3&#8243; gradient_direction=&#8221;left_to_right&#8221;&#8230;<\/p>\n","protected":false},"author":13,"featured_media":7652,"parent":0,"menu_order":0,"comment_status":"closed","ping_status":"closed","template":"","meta":{"footnotes":""},"class_list":["post-7677","page","type-page","status-publish","has-post-thumbnail"],"yoast_head":"<!-- This site is optimized with the Yoast SEO plugin v26.5 - https:\/\/yoast.com\/wordpress\/plugins\/seo\/ -->\n<title>Mango Tarifleri<\/title>\n<meta name=\"description\" content=\"Mango Tarifleri - Tarak ve Mango Ceviche ve Baharatl\u0131 Mango Sosu\" \/>\n<meta name=\"robots\" content=\"index, follow, max-snippet:-1, max-image-preview:large, max-video-preview:-1\" \/>\n<link rel=\"canonical\" href=\"https:\/\/mafruitsconsultants.com\/tr\/mango-recipes\/\" \/>\n<meta property=\"og:locale\" content=\"tr_TR\" \/>\n<meta property=\"og:locale:alternate\" content=\"en_US\" \/>\n<meta property=\"og:type\" content=\"article\" \/>\n<meta property=\"og:title\" content=\"Mango Tarifleri\" \/>\n<meta property=\"og:description\" content=\"Mango Tarifleri - Tarak ve Mango Ceviche ve Baharatl\u0131 Mango Sosu\" \/>\n<meta property=\"og:url\" content=\"https:\/\/mafruitsconsultants.com\/tr\/mango-recipes\/\" \/>\n<meta property=\"og:site_name\" content=\"MA Fruits Consultants\" \/>\n<meta property=\"article:publisher\" content=\"https:\/\/www.facebook.com\/MA-Fruits-Consultants-613454822477373\" \/>\n<meta property=\"article:modified_time\" content=\"2025-08-29T11:30:41+00:00\" \/>\n<meta name=\"twitter:card\" content=\"summary_large_image\" \/>\n<meta name=\"twitter:label1\" content=\"Tahmini okuma s\u00fcresi\" \/>\n\t<meta name=\"twitter:data1\" content=\"2 dakika\" \/>\n<script type=\"application\/ld+json\" class=\"yoast-schema-graph\">{\"@context\":\"https:\/\/schema.org\",\"@graph\":[{\"@type\":\"WebPage\",\"@id\":\"https:\/\/mafruitsconsultants.com\/mango-recipes\/\",\"url\":\"https:\/\/mafruitsconsultants.com\/mango-recipes\/\",\"name\":\"Mango Tarifleri\",\"isPartOf\":{\"@id\":\"https:\/\/mafruitsconsultants.com\/#website\"},\"primaryImageOfPage\":{\"@id\":\"https:\/\/mafruitsconsultants.com\/mango-recipes\/#primaryimage\"},\"image\":{\"@id\":\"https:\/\/mafruitsconsultants.com\/mango-recipes\/#primaryimage\"},\"thumbnailUrl\":\"https:\/\/mafruitsconsultants.com\/wp-content\/uploads\/2025\/08\/mango-recipes.jpg\",\"datePublished\":\"2025-08-27T12:34:12+00:00\",\"dateModified\":\"2025-08-29T11:30:41+00:00\",\"description\":\"Mango Tarifleri - Tarak ve Mango Ceviche ve Baharatl\u0131 Mango Sosu\",\"breadcrumb\":{\"@id\":\"https:\/\/mafruitsconsultants.com\/mango-recipes\/#breadcrumb\"},\"inLanguage\":\"tr-TR\",\"potentialAction\":[{\"@type\":\"ReadAction\",\"target\":[\"https:\/\/mafruitsconsultants.com\/mango-recipes\/\"]}]},{\"@type\":\"ImageObject\",\"inLanguage\":\"tr-TR\",\"@id\":\"https:\/\/mafruitsconsultants.com\/mango-recipes\/#primaryimage\",\"url\":\"https:\/\/mafruitsconsultants.com\/wp-content\/uploads\/2025\/08\/mango-recipes.jpg\",\"contentUrl\":\"https:\/\/mafruitsconsultants.com\/wp-content\/uploads\/2025\/08\/mango-recipes.jpg\",\"width\":1728,\"height\":1046,\"caption\":\"mango recipes\"},{\"@type\":\"BreadcrumbList\",\"@id\":\"https:\/\/mafruitsconsultants.com\/mango-recipes\/#breadcrumb\",\"itemListElement\":[{\"@type\":\"ListItem\",\"position\":1,\"name\":\"Home\",\"item\":\"https:\/\/mafruitsconsultants.com\/\"},{\"@type\":\"ListItem\",\"position\":2,\"name\":\"Mango Recipes\"}]},{\"@type\":\"WebSite\",\"@id\":\"https:\/\/mafruitsconsultants.com\/#website\",\"url\":\"https:\/\/mafruitsconsultants.com\/\",\"name\":\"MA Fruits Consultants\",\"description\":\"Exporting Banana, Pineapple, and Onion.\",\"publisher\":{\"@id\":\"https:\/\/mafruitsconsultants.com\/#organization\"},\"potentialAction\":[{\"@type\":\"SearchAction\",\"target\":{\"@type\":\"EntryPoint\",\"urlTemplate\":\"https:\/\/mafruitsconsultants.com\/?s={search_term_string}\"},\"query-input\":{\"@type\":\"PropertyValueSpecification\",\"valueRequired\":true,\"valueName\":\"search_term_string\"}}],\"inLanguage\":\"tr-TR\"},{\"@type\":\"Organization\",\"@id\":\"https:\/\/mafruitsconsultants.com\/#organization\",\"name\":\"MA Fruits Consultants\",\"url\":\"https:\/\/mafruitsconsultants.com\/\",\"logo\":{\"@type\":\"ImageObject\",\"inLanguage\":\"tr-TR\",\"@id\":\"https:\/\/mafruitsconsultants.com\/#\/schema\/logo\/image\/\",\"url\":\"https:\/\/i0.wp.com\/mafruitsconsultants.com\/wp-content\/uploads\/2020\/06\/MA_LOGO_MD.png?fit=1280%2C526&ssl=1\",\"contentUrl\":\"https:\/\/i0.wp.com\/mafruitsconsultants.com\/wp-content\/uploads\/2020\/06\/MA_LOGO_MD.png?fit=1280%2C526&ssl=1\",\"width\":1280,\"height\":526,\"caption\":\"MA Fruits Consultants\"},\"image\":{\"@id\":\"https:\/\/mafruitsconsultants.com\/#\/schema\/logo\/image\/\"},\"sameAs\":[\"https:\/\/www.facebook.com\/MA-Fruits-Consultants-613454822477373\",\"https:\/\/tr.pinterest.com\/MAFruitsConsultants\/\",\"https:\/\/www.youtube.com\/channel\/UCPISN9fzh4wjZmrE4lCJTMg\"]}]}<\/script>\n<!-- \/ Yoast SEO plugin. -->","yoast_head_json":{"title":"Mango Tarifleri","description":"Mango Tarifleri - Tarak ve Mango Ceviche ve Baharatl\u0131 Mango Sosu","robots":{"index":"index","follow":"follow","max-snippet":"max-snippet:-1","max-image-preview":"max-image-preview:large","max-video-preview":"max-video-preview:-1"},"canonical":"https:\/\/mafruitsconsultants.com\/tr\/mango-recipes\/","og_locale":"tr_TR","og_type":"article","og_title":"[:en]Mango Recipes[:tr]Mango Tarifleri[:] - MA Fruits Consultants","og_description":"[:en]Mango Recipes - Scallop and Mango Ceviche and Spiced Mango Sauce[:tr]Mango Tarifleri - Tarak ve Mango Ceviche ve Baharatl\u0131 Mango Sosu[:]","og_url":"https:\/\/mafruitsconsultants.com\/tr\/mango-recipes\/","og_site_name":"MA Fruits Consultants","article_publisher":"https:\/\/www.facebook.com\/MA-Fruits-Consultants-613454822477373","article_modified_time":"2025-08-29T11:30:41+00:00","twitter_card":"summary_large_image","twitter_misc":{"Tahmini okuma s\u00fcresi":"2 dakika"},"schema":{"@context":"https:\/\/schema.org","@graph":[{"@type":"WebPage","@id":"https:\/\/mafruitsconsultants.com\/mango-recipes\/","url":"https:\/\/mafruitsconsultants.com\/mango-recipes\/","name":"Mango Tarifleri","isPartOf":{"@id":"https:\/\/mafruitsconsultants.com\/#website"},"primaryImageOfPage":{"@id":"https:\/\/mafruitsconsultants.com\/mango-recipes\/#primaryimage"},"image":{"@id":"https:\/\/mafruitsconsultants.com\/mango-recipes\/#primaryimage"},"thumbnailUrl":"https:\/\/mafruitsconsultants.com\/wp-content\/uploads\/2025\/08\/mango-recipes.jpg","datePublished":"2025-08-27T12:34:12+00:00","dateModified":"2025-08-29T11:30:41+00:00","description":"Mango Tarifleri - Tarak ve Mango Ceviche ve Baharatl\u0131 Mango Sosu","breadcrumb":{"@id":"https:\/\/mafruitsconsultants.com\/mango-recipes\/#breadcrumb"},"inLanguage":"tr-TR","potentialAction":[{"@type":"ReadAction","target":["https:\/\/mafruitsconsultants.com\/mango-recipes\/"]}]},{"@type":"ImageObject","inLanguage":"tr-TR","@id":"https:\/\/mafruitsconsultants.com\/mango-recipes\/#primaryimage","url":"https:\/\/mafruitsconsultants.com\/wp-content\/uploads\/2025\/08\/mango-recipes.jpg","contentUrl":"https:\/\/mafruitsconsultants.com\/wp-content\/uploads\/2025\/08\/mango-recipes.jpg","width":1728,"height":1046,"caption":"mango recipes"},{"@type":"BreadcrumbList","@id":"https:\/\/mafruitsconsultants.com\/mango-recipes\/#breadcrumb","itemListElement":[{"@type":"ListItem","position":1,"name":"Home","item":"https:\/\/mafruitsconsultants.com\/"},{"@type":"ListItem","position":2,"name":"Mango Recipes"}]},{"@type":"WebSite","@id":"https:\/\/mafruitsconsultants.com\/#website","url":"https:\/\/mafruitsconsultants.com\/","name":"MA Fruits Consultants","description":"Exporting Banana, Pineapple, and Onion.","publisher":{"@id":"https:\/\/mafruitsconsultants.com\/#organization"},"potentialAction":[{"@type":"SearchAction","target":{"@type":"EntryPoint","urlTemplate":"https:\/\/mafruitsconsultants.com\/?s={search_term_string}"},"query-input":{"@type":"PropertyValueSpecification","valueRequired":true,"valueName":"search_term_string"}}],"inLanguage":"tr-TR"},{"@type":"Organization","@id":"https:\/\/mafruitsconsultants.com\/#organization","name":"MA Fruits Consultants","url":"https:\/\/mafruitsconsultants.com\/","logo":{"@type":"ImageObject","inLanguage":"tr-TR","@id":"https:\/\/mafruitsconsultants.com\/#\/schema\/logo\/image\/","url":"https:\/\/i0.wp.com\/mafruitsconsultants.com\/wp-content\/uploads\/2020\/06\/MA_LOGO_MD.png?fit=1280%2C526&ssl=1","contentUrl":"https:\/\/i0.wp.com\/mafruitsconsultants.com\/wp-content\/uploads\/2020\/06\/MA_LOGO_MD.png?fit=1280%2C526&ssl=1","width":1280,"height":526,"caption":"MA Fruits Consultants"},"image":{"@id":"https:\/\/mafruitsconsultants.com\/#\/schema\/logo\/image\/"},"sameAs":["https:\/\/www.facebook.com\/MA-Fruits-Consultants-613454822477373","https:\/\/tr.pinterest.com\/MAFruitsConsultants\/","https:\/\/www.youtube.com\/channel\/UCPISN9fzh4wjZmrE4lCJTMg"]}]}},"_links":{"self":[{"href":"https:\/\/mafruitsconsultants.com\/tr\/wp-json\/wp\/v2\/pages\/7677","targetHints":{"allow":["GET"]}}],"collection":[{"href":"https:\/\/mafruitsconsultants.com\/tr\/wp-json\/wp\/v2\/pages"}],"about":[{"href":"https:\/\/mafruitsconsultants.com\/tr\/wp-json\/wp\/v2\/types\/page"}],"author":[{"embeddable":true,"href":"https:\/\/mafruitsconsultants.com\/tr\/wp-json\/wp\/v2\/users\/13"}],"replies":[{"embeddable":true,"href":"https:\/\/mafruitsconsultants.com\/tr\/wp-json\/wp\/v2\/comments?post=7677"}],"version-history":[{"count":5,"href":"https:\/\/mafruitsconsultants.com\/tr\/wp-json\/wp\/v2\/pages\/7677\/revisions"}],"predecessor-version":[{"id":7733,"href":"https:\/\/mafruitsconsultants.com\/tr\/wp-json\/wp\/v2\/pages\/7677\/revisions\/7733"}],"wp:featuredmedia":[{"embeddable":true,"href":"https:\/\/mafruitsconsultants.com\/tr\/wp-json\/wp\/v2\/media\/7652"}],"wp:attachment":[{"href":"https:\/\/mafruitsconsultants.com\/tr\/wp-json\/wp\/v2\/media?parent=7677"}],"curies":[{"name":"wp","href":"https:\/\/api.w.org\/{rel}","templated":true}]}}