{"id":7597,"date":"2025-08-23T14:03:18","date_gmt":"2025-08-23T11:03:18","guid":{"rendered":"https:\/\/mafruitsconsultants.com\/?page_id=7597"},"modified":"2025-11-27T12:35:30","modified_gmt":"2025-11-27T09:35:30","slug":"brands","status":"publish","type":"page","link":"https:\/\/mafruitsconsultants.com\/tr\/brands\/","title":{"rendered":"Markalar\u0131m\u0131z"},"content":{"rendered":"[vc_row type=&#8221;full_width_content&#8221; full_screen_row_position=&#8221;middle&#8221; column_margin=&#8221;default&#8221; column_direction=&#8221;default&#8221; column_direction_tablet=&#8221;default&#8221; column_direction_phone=&#8221;default&#8221; scene_position=&#8221;center&#8221; top_padding=&#8221;6%&#8221; constrain_group_1=&#8221;yes&#8221; bottom_padding=&#8221;6%&#8221; left_padding_desktop=&#8221;8%&#8221; right_padding_desktop=&#8221;8%&#8221; top_padding_tablet=&#8221;15%&#8221; constrain_group_3=&#8221;yes&#8221; bottom_padding_tablet=&#8221;15%&#8221; text_color=&#8221;dark&#8221; text_align=&#8221;left&#8221; row_border_radius=&#8221;none&#8221; row_border_radius_applies=&#8221;bg&#8221; overflow=&#8221;hidden&#8221; advanced_gradient_angle=&#8221;0&#8243; overlay_strength=&#8221;0.3&#8243; gradient_direction=&#8221;left_to_right&#8221; shape_divider_position=&#8221;top&#8221; shape_divider_height=&#8221;50%&#8221; bg_image_animation=&#8221;none&#8221; shape_type=&#8221;straight_section&#8221; gradient_type=&#8221;default&#8221;][vc_column column_padding=&#8221;no-extra-padding&#8221; column_padding_tablet=&#8221;inherit&#8221; column_padding_phone=&#8221;inherit&#8221; column_padding_position=&#8221;all&#8221; column_element_direction_desktop=&#8221;default&#8221; column_element_spacing=&#8221;default&#8221; desktop_text_alignment=&#8221;default&#8221; tablet_text_alignment=&#8221;default&#8221; phone_text_alignment=&#8221;default&#8221; background_color_opacity=&#8221;1&#8243; background_hover_color_opacity=&#8221;1&#8243; column_backdrop_filter=&#8221;none&#8221; column_shadow=&#8221;none&#8221; column_border_radius=&#8221;none&#8221; column_link_target=&#8221;_self&#8221; column_position=&#8221;default&#8221; gradient_direction=&#8221;left_to_right&#8221; overlay_strength=&#8221;0.3&#8243; width=&#8221;1\/1&#8243; tablet_width_inherit=&#8221;default&#8221; animation_type=&#8221;default&#8221; bg_image_animation=&#8221;none&#8221; border_type=&#8221;simple&#8221; column_border_width=&#8221;none&#8221; column_border_style=&#8221;solid&#8221;][vc_row_inner column_margin=&#8221;default&#8221; column_direction=&#8221;default&#8221; column_direction_tablet=&#8221;default&#8221; column_direction_phone=&#8221;default&#8221; bottom_padding=&#8221;15&#8243; text_align=&#8221;left&#8221; row_position=&#8221;default&#8221; row_position_tablet=&#8221;inherit&#8221; row_position_phone=&#8221;inherit&#8221; overflow=&#8221;visible&#8221; pointer_events=&#8221;all&#8221;][vc_column_inner column_padding=&#8221;no-extra-padding&#8221; column_padding_tablet=&#8221;inherit&#8221; column_padding_phone=&#8221;inherit&#8221; column_padding_position=&#8221;all&#8221; column_element_direction_desktop=&#8221;default&#8221; column_element_spacing=&#8221;default&#8221; desktop_text_alignment=&#8221;default&#8221; tablet_text_alignment=&#8221;default&#8221; phone_text_alignment=&#8221;default&#8221; background_color_opacity=&#8221;1&#8243; background_hover_color_opacity=&#8221;1&#8243; column_backdrop_filter=&#8221;none&#8221; column_shadow=&#8221;none&#8221; column_border_radius=&#8221;none&#8221; column_link_target=&#8221;_self&#8221; overflow=&#8221;visible&#8221; advanced_gradient_angle=&#8221;0&#8243; gradient_direction=&#8221;left_to_right&#8221; overlay_strength=&#8221;0.3&#8243; width=&#8221;1\/1&#8243; tablet_width_inherit=&#8221;default&#8221; animation_type=&#8221;default&#8221; enable_animation=&#8221;true&#8221; animation=&#8221;fade-in-from-bottom&#8221; animation_easing=&#8221;default&#8221; bg_image_animation=&#8221;none&#8221; border_type=&#8221;simple&#8221; column_border_width=&#8221;none&#8221; column_border_style=&#8221;solid&#8221; gradient_type=&#8221;default&#8221;][vc_column_text css=&#8221;&#8221; text_direction=&#8221;default&#8221;]\n<h5>MA Fruits Consultants<\/h5>\n[\/vc_column_text][\/vc_column_inner][\/vc_row_inner][vc_row_inner column_margin=&#8221;default&#8221; column_direction=&#8221;default&#8221; column_direction_tablet=&#8221;default&#8221; column_direction_phone=&#8221;default&#8221; bottom_padding=&#8221;3%&#8221; right_padding_desktop=&#8221;70%&#8221; bottom_padding_tablet=&#8221;6%&#8221; right_padding_tablet=&#8221;40%&#8221; text_align=&#8221;left&#8221; row_position=&#8221;default&#8221; row_position_tablet=&#8221;inherit&#8221; row_position_phone=&#8221;inherit&#8221; overflow=&#8221;visible&#8221; pointer_events=&#8221;all&#8221;][vc_column_inner column_padding=&#8221;no-extra-padding&#8221; column_padding_tablet=&#8221;inherit&#8221; column_padding_phone=&#8221;inherit&#8221; column_padding_position=&#8221;all&#8221; column_element_direction_desktop=&#8221;default&#8221; column_element_spacing=&#8221;default&#8221; desktop_text_alignment=&#8221;default&#8221; tablet_text_alignment=&#8221;default&#8221; phone_text_alignment=&#8221;default&#8221; background_color_opacity=&#8221;1&#8243; background_hover_color_opacity=&#8221;1&#8243; column_backdrop_filter=&#8221;none&#8221; column_shadow=&#8221;none&#8221; column_border_radius=&#8221;none&#8221; column_link_target=&#8221;_self&#8221; overflow=&#8221;visible&#8221; advanced_gradient_angle=&#8221;0&#8243; gradient_direction=&#8221;left_to_right&#8221; overlay_strength=&#8221;0.3&#8243; width=&#8221;1\/1&#8243; tablet_width_inherit=&#8221;default&#8221; animation_type=&#8221;default&#8221; enable_animation=&#8221;true&#8221; animation=&#8221;fade-in-from-bottom&#8221; animation_easing=&#8221;default&#8221; bg_image_animation=&#8221;none&#8221; border_type=&#8221;simple&#8221; column_border_width=&#8221;none&#8221; column_border_style=&#8221;solid&#8221; gradient_type=&#8221;default&#8221;][split_line_heading animation_type=&#8221;line-reveal-by-space&#8221; font_style=&#8221;h3&#8243; line_reveal_by_space_text_effect=&#8221;default&#8221; stagger_animation=&#8221;true&#8221; content_alignment=&#8221;default&#8221; mobile_content_alignment=&#8221;inherit&#8221; link_target=&#8221;_self&#8221; text_content=&#8221;Markalar\u0131m\u0131z&#8221; font_size=&#8221;4vw&#8221; font_line_height=&#8221;0.9&#8243; text_direction=&#8221;default&#8221;][\/split_line_heading][\/vc_column_inner][\/vc_row_inner][carousel script=&#8221;flickity&#8221; flickity_formatting=&#8221;default&#8221; desktop_cols_flickity=&#8221;3&#8243; desktop_small_cols_flickity=&#8221;2&#8243; tablet_cols_flickity=&#8221;2&#8243; phone_cols_flickity=&#8221;1&#8243; flickity_controls=&#8221;touch_total&#8221; flickity_touch_total_style=&#8221;solid_bg&#8221; flickity_touch_total_indicator_bg_color=&#8221;#E7520D&#8221; flickity_touch_total_indicator_icon_color=&#8221;#000000&#8243; flickity_touch_total_hide_indicator=&#8221;true&#8221; color=&#8221;default&#8221; flickity_overflow=&#8221;visible&#8221; flickity_wrap_around=&#8221;no-wrap&#8221; flickity_spacing=&#8221;10px&#8221; flickity_centered_cells=&#8221;true&#8221; flickity_column_vertical_alignment=&#8221;default&#8221; column_padding=&#8221;0&#8243; flickity_element_spacing=&#8221;0&#8243; border_radius=&#8221;none&#8221;][item simple_slider_bg_image_position=&#8221;default&#8221; simple_slider_overlay_strength=&#8221;0.3&#8243; simple_slider_bg_image_loading=&#8221;default&#8221; id=&#8221;1756451260711-4&#8243; title=&#8221;Item&#8221; tab_id=&#8221;1756451260711-3&#8243;][fancy_box box_style=&#8221;image_above_text_underline&#8221; image_url=&#8221;7365&#8243; image_aspect_ratio=&#8221;1-1&#8243; border_radius=&#8221;10px&#8221; image_loading=&#8221;lazy-load&#8221; enable_animation=&#8221;true&#8221; animation=&#8221;fade-in-from-bottom&#8221; color_scheme=&#8221;dark&#8221; secondary_content=&#8221;here&#8217;s some awesome text that would only be shown on hover&#8221; min_height=&#8221;75vh&#8221; min_height_tablet=&#8221;550&#8243; delay=&#8221;150&#8243;]\n<h2>G\u00fclfruta<\/h2>\n<p><span style=\"font-weight: 400;\">Y\u0131llar s\u00fcren ba\u015far\u0131l\u0131 operasyon y\u00f6netimi ve Latin Amerika\u2019daki sayg\u0131n i\u015f ortaklar\u0131m\u0131zla y\u00fcr\u00fctt\u00fc\u011f\u00fcm\u00fcz i\u015f birliklerin ard\u0131ndan, kendi markam\u0131z olan G\u00dcLFRUTA\u2019y\u0131 gururla hayata getirdik. Bug\u00fcn G\u00dcLFRUTA, \u00f6zellikle Latin Amerika \u2013 ba\u015fta Kosta Rika \u2013 men\u015feli d\u00f6rt \u00fcr\u00fcn\u00fcyle: ananas, mango, avokado ve portakal, tazelik ve kaliteyi t\u00fcketiciler ula\u015ft\u0131rmay\u0131 misyon edinmi\u015f bir markad\u0131r. <\/span>[\/fancy_box][\/item][item simple_slider_bg_image_position=&#8221;default&#8221; simple_slider_overlay_strength=&#8221;0.3&#8243; simple_slider_bg_image_loading=&#8221;default&#8221; id=&#8221;1756451260725-8&#8243; title=&#8221;Item&#8221; tab_id=&#8221;1756451260725-2&#8243;][fancy_box box_style=&#8221;image_above_text_underline&#8221; image_url=&#8221;7367&#8243; image_aspect_ratio=&#8221;1-1&#8243; border_radius=&#8221;10px&#8221; image_loading=&#8221;lazy-load&#8221; enable_animation=&#8221;true&#8221; animation=&#8221;fade-in-from-bottom&#8221; color_scheme=&#8221;dark&#8221; secondary_content=&#8221;here&#8217;s some awesome text that would only be shown on hover&#8221; min_height=&#8221;75vh&#8221; min_height_tablet=&#8221;550&#8243; delay=&#8221;150&#8243;]\n<h2>Be Right<\/h2>\n<p><span style=\"font-weight: 400;\">G\u00fc\u00e7l\u00fc bir \u00f6zg\u00fcven ve sorumluluk bilinciyle kurdu\u011fumuz BE R\u0130GHT markam\u0131z\u0131 hayata getirdik. \u00d6zellikle narenciye \u00fcr\u00fcnleri \u2013 ba\u015fta portakal ve mandalina \u2013 ve y\u00fcksek kaliteli mangolar\u0131yla M\u0131s\u0131r pazar\u0131nda istikrarl\u0131 bir \u015fekilde tan\u0131nmaya devam etmektedir. <\/span>[\/fancy_box][\/item][item simple_slider_bg_image_position=&#8221;default&#8221; simple_slider_overlay_strength=&#8221;0.3&#8243; simple_slider_bg_image_loading=&#8221;default&#8221; id=&#8221;1756451260732-5&#8243; title=&#8221;Item&#8221; tab_id=&#8221;1756451260732-7&#8243;][fancy_box box_style=&#8221;image_above_text_underline&#8221; image_url=&#8221;7368&#8243; image_aspect_ratio=&#8221;1-1&#8243; border_radius=&#8221;10px&#8221; image_loading=&#8221;lazy-load&#8221; enable_animation=&#8221;true&#8221; animation=&#8221;fade-in-from-bottom&#8221; color_scheme=&#8221;dark&#8221; secondary_content=&#8221;here&#8217;s some awesome text that would only be shown on hover&#8221; min_height=&#8221;75vh&#8221; min_height_tablet=&#8221;550&#8243; delay=&#8221;170&#8243;]\n<h2>Frutadeli<\/h2>\n<p>FRUTADELI S.A.&#8217;n\u0131n T\u00fcrkiye, Libya ve M\u0131s\u0131r&#8217;daki m\u00fcnhas\u0131r al\u0131c\u0131lar\u0131 olarak, en kaliteli Ekvador Cavendish muzlar\u0131n\u0131 gururla ithal ediyoruz. Zengin aromas\u0131 ve tatl\u0131 tad\u0131yla bilinen bu birinci s\u0131n\u0131f muzlar, her sevkiyatta m\u00fckemmellik taahh\u00fcd\u00fcm\u00fcz\u00fc yans\u0131tan en y\u00fcksek kalite standartlar\u0131n\u0131 kar\u015f\u0131lamaktad\u0131r.[\/fancy_box][\/item][item simple_slider_bg_image_position=&#8221;default&#8221; simple_slider_overlay_strength=&#8221;0.3&#8243; simple_slider_bg_image_loading=&#8221;default&#8221; id=&#8221;1756451260743-1&#8243; title=&#8221;Item&#8221; tab_id=&#8221;1756451260743-5&#8243;][fancy_box box_style=&#8221;image_above_text_underline&#8221; image_url=&#8221;7371&#8243; image_aspect_ratio=&#8221;1-1&#8243; border_radius=&#8221;10px&#8221; image_loading=&#8221;lazy-load&#8221; enable_animation=&#8221;true&#8221; animation=&#8221;fade-in-from-bottom&#8221; color_scheme=&#8221;dark&#8221; secondary_content=&#8221;here&#8217;s some awesome text that would only be shown on hover&#8221; min_height=&#8221;75vh&#8221; min_height_tablet=&#8221;550&#8243; delay=&#8221;170&#8243;]\n<h2>Golosita<\/h2>\n<p>Golosita, bir Frutadeli aile markas\u0131d\u0131r. Genellikle &#8220;lezzetli bir meyve&#8221; olarak an\u0131lan muz, potasyum, kalsiyum, magnezyum, fosfor, demir ve A, B, C ve E vitaminleri gibi temel vitamin ve minerallerle doludur. Do\u011fal olarak ya\u011f ve kolesterol i\u00e7ermeyen muz, \u00f6zellikle \u00e7ocuklar ve sporcular taraf\u0131ndan \u00e7ok sevilen ideal bir enerji kayna\u011f\u0131d\u0131r.[\/fancy_box][\/item][item simple_slider_bg_image_position=&#8221;default&#8221; simple_slider_overlay_strength=&#8221;0.3&#8243; simple_slider_bg_image_loading=&#8221;default&#8221; id=&#8221;1756451260750-10&#8243; title=&#8221;Item&#8221; tab_id=&#8221;1756451260750-0&#8243;][fancy_box box_style=&#8221;image_above_text_underline&#8221; image_url=&#8221;7373&#8243; image_aspect_ratio=&#8221;1-1&#8243; border_radius=&#8221;10px&#8221; image_loading=&#8221;lazy-load&#8221; enable_animation=&#8221;true&#8221; animation=&#8221;fade-in-from-bottom&#8221; color_scheme=&#8221;dark&#8221; secondary_content=&#8221;here&#8217;s some awesome text that would only be shown on hover&#8221; min_height=&#8221;75vh&#8221; min_height_tablet=&#8221;550&#8243; delay=&#8221;170&#8243;]\n<h2>Diamante<\/h2>\n<p>Diamante, kalitenin pazarl\u0131k konusu olmad\u0131\u011f\u0131 felsefesi \u00fczerine kurulu bir FRUTADELI S.A. aile markas\u0131d\u0131r. Marka, her muzun m\u00fckemmelli\u011fini garanti alt\u0131na almak i\u00e7in yaln\u0131zca en iyi \u00fcreticileri se\u00e7er. Ad\u0131 ve tasar\u0131m\u0131, s\u00fcrekli y\u00fcksek standartlarla m\u00fc\u015fteri g\u00fcvenini sa\u011flayan de\u011ferli bir hikayeyi yans\u0131t\u0131r.[\/fancy_box][\/item][\/carousel][\/vc_column][\/vc_row]\n","protected":false},"excerpt":{"rendered":"<p>[vc_row type=&#8221;full_width_content&#8221; full_screen_row_position=&#8221;middle&#8221; column_margin=&#8221;default&#8221; column_direction=&#8221;default&#8221; column_direction_tablet=&#8221;default&#8221; column_direction_phone=&#8221;default&#8221; scene_position=&#8221;center&#8221; top_padding=&#8221;6%&#8221; constrain_group_1=&#8221;yes&#8221; bottom_padding=&#8221;6%&#8221; left_padding_desktop=&#8221;8%&#8221; right_padding_desktop=&#8221;8%&#8221; top_padding_tablet=&#8221;15%&#8221; constrain_group_3=&#8221;yes&#8221;&#8230;<\/p>\n","protected":false},"author":13,"featured_media":7426,"parent":0,"menu_order":0,"comment_status":"closed","ping_status":"closed","template":"","meta":{"footnotes":""},"class_list":["post-7597","page","type-page","status-publish","has-post-thumbnail"],"yoast_head":"<!-- This site is optimized with the Yoast SEO plugin v26.5 - https:\/\/yoast.com\/wordpress\/plugins\/seo\/ -->\n<title>Markalar\u0131m\u0131z<\/title>\n<meta name=\"description\" content=\"G\u00fclfruta ve Be Right markalar\u0131m\u0131z\u0131n yan\u0131 s\u0131ra Frutadeli, Golosita ve Diamante markalar\u0131n\u0131n da \u00f6zel al\u0131c\u0131s\u0131 olmaktan gurur duyuyoruz.\" \/>\n<meta name=\"robots\" content=\"index, follow, max-snippet:-1, max-image-preview:large, max-video-preview:-1\" \/>\n<link rel=\"canonical\" href=\"https:\/\/mafruitsconsultants.com\/tr\/brands\/\" \/>\n<meta property=\"og:locale\" content=\"tr_TR\" \/>\n<meta property=\"og:locale:alternate\" content=\"en_US\" \/>\n<meta property=\"og:type\" content=\"article\" \/>\n<meta property=\"og:title\" content=\"Markalar\u0131m\u0131z\" \/>\n<meta property=\"og:description\" content=\"G\u00fclfruta ve Be Right markalar\u0131m\u0131z\u0131n yan\u0131 s\u0131ra Frutadeli, Golosita ve Diamante markalar\u0131n\u0131n da \u00f6zel al\u0131c\u0131s\u0131 olmaktan gurur duyuyoruz.\" \/>\n<meta property=\"og:url\" content=\"https:\/\/mafruitsconsultants.com\/tr\/brands\/\" \/>\n<meta property=\"og:site_name\" content=\"MA Fruits Consultants\" \/>\n<meta property=\"article:publisher\" content=\"https:\/\/www.facebook.com\/MA-Fruits-Consultants-613454822477373\" \/>\n<meta property=\"article:modified_time\" content=\"2025-11-27T09:35:30+00:00\" \/>\n<meta property=\"og:image\" content=\"https:\/\/mafruitsconsultants.com\/wp-content\/uploads\/2025\/08\/ma-fruits-consultants-web2.jpg\" \/>\n\t<meta property=\"og:image:width\" content=\"1920\" \/>\n\t<meta property=\"og:image:height\" content=\"1080\" \/>\n\t<meta property=\"og:image:type\" content=\"image\/jpeg\" \/>\n<meta name=\"twitter:card\" content=\"summary_large_image\" \/>\n<meta name=\"twitter:label1\" content=\"Tahmini okuma s\u00fcresi\" \/>\n\t<meta name=\"twitter:data1\" content=\"3 dakika\" \/>\n<script type=\"application\/ld+json\" class=\"yoast-schema-graph\">{\"@context\":\"https:\/\/schema.org\",\"@graph\":[{\"@type\":\"WebPage\",\"@id\":\"https:\/\/mafruitsconsultants.com\/brands\/\",\"url\":\"https:\/\/mafruitsconsultants.com\/brands\/\",\"name\":\"Markalar\u0131m\u0131z\",\"isPartOf\":{\"@id\":\"https:\/\/mafruitsconsultants.com\/#website\"},\"primaryImageOfPage\":{\"@id\":\"https:\/\/mafruitsconsultants.com\/brands\/#primaryimage\"},\"image\":{\"@id\":\"https:\/\/mafruitsconsultants.com\/brands\/#primaryimage\"},\"thumbnailUrl\":\"https:\/\/mafruitsconsultants.com\/wp-content\/uploads\/2025\/08\/ma-fruits-consultants-web2.jpg\",\"datePublished\":\"2025-08-23T11:03:18+00:00\",\"dateModified\":\"2025-11-27T09:35:30+00:00\",\"description\":\"G\u00fclfruta ve Be Right markalar\u0131m\u0131z\u0131n yan\u0131 s\u0131ra Frutadeli, Golosita ve Diamante markalar\u0131n\u0131n da \u00f6zel al\u0131c\u0131s\u0131 olmaktan gurur duyuyoruz.\",\"breadcrumb\":{\"@id\":\"https:\/\/mafruitsconsultants.com\/brands\/#breadcrumb\"},\"inLanguage\":\"tr-TR\",\"potentialAction\":[{\"@type\":\"ReadAction\",\"target\":[\"https:\/\/mafruitsconsultants.com\/brands\/\"]}]},{\"@type\":\"ImageObject\",\"inLanguage\":\"tr-TR\",\"@id\":\"https:\/\/mafruitsconsultants.com\/brands\/#primaryimage\",\"url\":\"https:\/\/mafruitsconsultants.com\/wp-content\/uploads\/2025\/08\/ma-fruits-consultants-web2.jpg\",\"contentUrl\":\"https:\/\/mafruitsconsultants.com\/wp-content\/uploads\/2025\/08\/ma-fruits-consultants-web2.jpg\",\"width\":1920,\"height\":1080,\"caption\":\"ma fruits consultants dma foods\"},{\"@type\":\"BreadcrumbList\",\"@id\":\"https:\/\/mafruitsconsultants.com\/brands\/#breadcrumb\",\"itemListElement\":[{\"@type\":\"ListItem\",\"position\":1,\"name\":\"Home\",\"item\":\"https:\/\/mafruitsconsultants.com\/\"},{\"@type\":\"ListItem\",\"position\":2,\"name\":\"Brands\"}]},{\"@type\":\"WebSite\",\"@id\":\"https:\/\/mafruitsconsultants.com\/#website\",\"url\":\"https:\/\/mafruitsconsultants.com\/\",\"name\":\"MA Fruits Consultants\",\"description\":\"Exporting Banana, Pineapple, and Onion.\",\"publisher\":{\"@id\":\"https:\/\/mafruitsconsultants.com\/#organization\"},\"potentialAction\":[{\"@type\":\"SearchAction\",\"target\":{\"@type\":\"EntryPoint\",\"urlTemplate\":\"https:\/\/mafruitsconsultants.com\/?s={search_term_string}\"},\"query-input\":{\"@type\":\"PropertyValueSpecification\",\"valueRequired\":true,\"valueName\":\"search_term_string\"}}],\"inLanguage\":\"tr-TR\"},{\"@type\":\"Organization\",\"@id\":\"https:\/\/mafruitsconsultants.com\/#organization\",\"name\":\"MA Fruits Consultants\",\"url\":\"https:\/\/mafruitsconsultants.com\/\",\"logo\":{\"@type\":\"ImageObject\",\"inLanguage\":\"tr-TR\",\"@id\":\"https:\/\/mafruitsconsultants.com\/#\/schema\/logo\/image\/\",\"url\":\"https:\/\/i0.wp.com\/mafruitsconsultants.com\/wp-content\/uploads\/2020\/06\/MA_LOGO_MD.png?fit=1280%2C526&ssl=1\",\"contentUrl\":\"https:\/\/i0.wp.com\/mafruitsconsultants.com\/wp-content\/uploads\/2020\/06\/MA_LOGO_MD.png?fit=1280%2C526&ssl=1\",\"width\":1280,\"height\":526,\"caption\":\"MA Fruits Consultants\"},\"image\":{\"@id\":\"https:\/\/mafruitsconsultants.com\/#\/schema\/logo\/image\/\"},\"sameAs\":[\"https:\/\/www.facebook.com\/MA-Fruits-Consultants-613454822477373\",\"https:\/\/tr.pinterest.com\/MAFruitsConsultants\/\",\"https:\/\/www.youtube.com\/channel\/UCPISN9fzh4wjZmrE4lCJTMg\"]}]}<\/script>\n<!-- \/ Yoast SEO plugin. -->","yoast_head_json":{"title":"Markalar\u0131m\u0131z","description":"G\u00fclfruta ve Be Right markalar\u0131m\u0131z\u0131n yan\u0131 s\u0131ra Frutadeli, Golosita ve Diamante markalar\u0131n\u0131n da \u00f6zel al\u0131c\u0131s\u0131 olmaktan gurur duyuyoruz.","robots":{"index":"index","follow":"follow","max-snippet":"max-snippet:-1","max-image-preview":"max-image-preview:large","max-video-preview":"max-video-preview:-1"},"canonical":"https:\/\/mafruitsconsultants.com\/tr\/brands\/","og_locale":"tr_TR","og_type":"article","og_title":"Our [:en]Brands[:tr]Markalar\u0131m\u0131z[:] - MA Fruits Consultants - DMA Foods","og_description":"[:en]We proudly launched our own brands G\u00fclfruta and Be Right alongside to being exclusive recievers of Frutadeli, Golosita and Diamante.[:tr]G\u00fclfruta ve Be Right markalar\u0131m\u0131z\u0131n yan\u0131 s\u0131ra Frutadeli, Golosita ve Diamante markalar\u0131n\u0131n da \u00f6zel al\u0131c\u0131s\u0131 olmaktan gurur duyuyoruz.[:]","og_url":"https:\/\/mafruitsconsultants.com\/tr\/brands\/","og_site_name":"MA Fruits Consultants","article_publisher":"https:\/\/www.facebook.com\/MA-Fruits-Consultants-613454822477373","article_modified_time":"2025-11-27T09:35:30+00:00","og_image":[{"width":1920,"height":1080,"url":"https:\/\/mafruitsconsultants.com\/wp-content\/uploads\/2025\/08\/ma-fruits-consultants-web2.jpg","type":"image\/jpeg"}],"twitter_card":"summary_large_image","twitter_misc":{"Tahmini okuma s\u00fcresi":"3 dakika"},"schema":{"@context":"https:\/\/schema.org","@graph":[{"@type":"WebPage","@id":"https:\/\/mafruitsconsultants.com\/brands\/","url":"https:\/\/mafruitsconsultants.com\/brands\/","name":"Markalar\u0131m\u0131z","isPartOf":{"@id":"https:\/\/mafruitsconsultants.com\/#website"},"primaryImageOfPage":{"@id":"https:\/\/mafruitsconsultants.com\/brands\/#primaryimage"},"image":{"@id":"https:\/\/mafruitsconsultants.com\/brands\/#primaryimage"},"thumbnailUrl":"https:\/\/mafruitsconsultants.com\/wp-content\/uploads\/2025\/08\/ma-fruits-consultants-web2.jpg","datePublished":"2025-08-23T11:03:18+00:00","dateModified":"2025-11-27T09:35:30+00:00","description":"G\u00fclfruta ve Be Right markalar\u0131m\u0131z\u0131n yan\u0131 s\u0131ra Frutadeli, Golosita ve Diamante markalar\u0131n\u0131n da \u00f6zel al\u0131c\u0131s\u0131 olmaktan gurur duyuyoruz.","breadcrumb":{"@id":"https:\/\/mafruitsconsultants.com\/brands\/#breadcrumb"},"inLanguage":"tr-TR","potentialAction":[{"@type":"ReadAction","target":["https:\/\/mafruitsconsultants.com\/brands\/"]}]},{"@type":"ImageObject","inLanguage":"tr-TR","@id":"https:\/\/mafruitsconsultants.com\/brands\/#primaryimage","url":"https:\/\/mafruitsconsultants.com\/wp-content\/uploads\/2025\/08\/ma-fruits-consultants-web2.jpg","contentUrl":"https:\/\/mafruitsconsultants.com\/wp-content\/uploads\/2025\/08\/ma-fruits-consultants-web2.jpg","width":1920,"height":1080,"caption":"ma fruits consultants dma foods"},{"@type":"BreadcrumbList","@id":"https:\/\/mafruitsconsultants.com\/brands\/#breadcrumb","itemListElement":[{"@type":"ListItem","position":1,"name":"Home","item":"https:\/\/mafruitsconsultants.com\/"},{"@type":"ListItem","position":2,"name":"Brands"}]},{"@type":"WebSite","@id":"https:\/\/mafruitsconsultants.com\/#website","url":"https:\/\/mafruitsconsultants.com\/","name":"MA Fruits Consultants","description":"Exporting Banana, Pineapple, and Onion.","publisher":{"@id":"https:\/\/mafruitsconsultants.com\/#organization"},"potentialAction":[{"@type":"SearchAction","target":{"@type":"EntryPoint","urlTemplate":"https:\/\/mafruitsconsultants.com\/?s={search_term_string}"},"query-input":{"@type":"PropertyValueSpecification","valueRequired":true,"valueName":"search_term_string"}}],"inLanguage":"tr-TR"},{"@type":"Organization","@id":"https:\/\/mafruitsconsultants.com\/#organization","name":"MA Fruits Consultants","url":"https:\/\/mafruitsconsultants.com\/","logo":{"@type":"ImageObject","inLanguage":"tr-TR","@id":"https:\/\/mafruitsconsultants.com\/#\/schema\/logo\/image\/","url":"https:\/\/i0.wp.com\/mafruitsconsultants.com\/wp-content\/uploads\/2020\/06\/MA_LOGO_MD.png?fit=1280%2C526&ssl=1","contentUrl":"https:\/\/i0.wp.com\/mafruitsconsultants.com\/wp-content\/uploads\/2020\/06\/MA_LOGO_MD.png?fit=1280%2C526&ssl=1","width":1280,"height":526,"caption":"MA Fruits Consultants"},"image":{"@id":"https:\/\/mafruitsconsultants.com\/#\/schema\/logo\/image\/"},"sameAs":["https:\/\/www.facebook.com\/MA-Fruits-Consultants-613454822477373","https:\/\/tr.pinterest.com\/MAFruitsConsultants\/","https:\/\/www.youtube.com\/channel\/UCPISN9fzh4wjZmrE4lCJTMg"]}]}},"_links":{"self":[{"href":"https:\/\/mafruitsconsultants.com\/tr\/wp-json\/wp\/v2\/pages\/7597","targetHints":{"allow":["GET"]}}],"collection":[{"href":"https:\/\/mafruitsconsultants.com\/tr\/wp-json\/wp\/v2\/pages"}],"about":[{"href":"https:\/\/mafruitsconsultants.com\/tr\/wp-json\/wp\/v2\/types\/page"}],"author":[{"embeddable":true,"href":"https:\/\/mafruitsconsultants.com\/tr\/wp-json\/wp\/v2\/users\/13"}],"replies":[{"embeddable":true,"href":"https:\/\/mafruitsconsultants.com\/tr\/wp-json\/wp\/v2\/comments?post=7597"}],"version-history":[{"count":5,"href":"https:\/\/mafruitsconsultants.com\/tr\/wp-json\/wp\/v2\/pages\/7597\/revisions"}],"predecessor-version":[{"id":7789,"href":"https:\/\/mafruitsconsultants.com\/tr\/wp-json\/wp\/v2\/pages\/7597\/revisions\/7789"}],"wp:featuredmedia":[{"embeddable":true,"href":"https:\/\/mafruitsconsultants.com\/tr\/wp-json\/wp\/v2\/media\/7426"}],"wp:attachment":[{"href":"https:\/\/mafruitsconsultants.com\/tr\/wp-json\/wp\/v2\/media?parent=7597"}],"curies":[{"name":"wp","href":"https:\/\/api.w.org\/{rel}","templated":true}]}}