{"id":7331,"date":"2017-02-07T15:05:55","date_gmt":"2017-02-07T15:05:55","guid":{"rendered":"http:\/\/themenectar.com\/demo\/salient-startup\/?page_id=8"},"modified":"2025-12-17T10:58:04","modified_gmt":"2025-12-17T07:58:04","slug":"contact","status":"publish","type":"page","link":"https:\/\/mafruitsconsultants.com\/tr\/contact\/","title":{"rendered":"\u0130leti\u015fim"},"content":{"rendered":"[vc_row type=&#8221;full_width_background&#8221; full_screen_row_position=&#8221;middle&#8221; column_margin=&#8221;default&#8221; column_direction=&#8221;default&#8221; column_direction_tablet=&#8221;default&#8221; column_direction_phone=&#8221;default&#8221; bg_color=&#8221;#ffffff&#8221; bg_image=&#8221;7439&#8243; bg_position=&#8221;center center&#8221; background_image_loading=&#8221;default&#8221; bg_repeat=&#8221;no-repeat&#8221; scene_position=&#8221;center&#8221; top_padding=&#8221;10%&#8221; bottom_padding=&#8221;10%&#8221; text_color=&#8221;light&#8221; text_align=&#8221;left&#8221; row_border_radius=&#8221;none&#8221; row_border_radius_applies=&#8221;bg&#8221; overflow=&#8221;visible&#8221; color_overlay=&#8221;#0a0a0a&#8221; overlay_strength=&#8221;0.5&#8243; gradient_direction=&#8221;left_to_right&#8221; shape_divider_position=&#8221;bottom&#8221; bg_image_animation=&#8221;none&#8221; parallax_bg=&#8221;true&#8221; parallax_bg_speed=&#8221;fast&#8221; gradient_type=&#8221;default&#8221; shape_type=&#8221;&#8221;][vc_column column_padding=&#8221;no-extra-padding&#8221; column_padding_tablet=&#8221;inherit&#8221; column_padding_phone=&#8221;inherit&#8221; column_padding_position=&#8221;all&#8221; column_element_direction_desktop=&#8221;default&#8221; column_element_spacing=&#8221;default&#8221; desktop_text_alignment=&#8221;default&#8221; tablet_text_alignment=&#8221;default&#8221; phone_text_alignment=&#8221;default&#8221; background_color_opacity=&#8221;1&#8243; background_hover_color_opacity=&#8221;1&#8243; column_backdrop_filter=&#8221;none&#8221; column_shadow=&#8221;none&#8221; column_border_radius=&#8221;none&#8221; column_link_target=&#8221;_self&#8221; column_position=&#8221;default&#8221; gradient_direction=&#8221;left_to_right&#8221; overlay_strength=&#8221;0.3&#8243; width=&#8221;1\/1&#8243; tablet_width_inherit=&#8221;default&#8221; animation_type=&#8221;default&#8221; bg_image_animation=&#8221;none&#8221; border_type=&#8221;simple&#8221; column_border_width=&#8221;none&#8221; column_border_style=&#8221;solid&#8221;][vc_row_inner equal_height=&#8221;yes&#8221; content_placement=&#8221;middle&#8221; column_margin=&#8221;default&#8221; column_direction=&#8221;default&#8221; column_direction_tablet=&#8221;default&#8221; column_direction_phone=&#8221;default&#8221; text_align=&#8221;left&#8221; row_position=&#8221;default&#8221; row_position_tablet=&#8221;inherit&#8221; row_position_phone=&#8221;inherit&#8221; overflow=&#8221;visible&#8221; pointer_events=&#8221;all&#8221;][vc_column_inner column_padding=&#8221;no-extra-padding&#8221; column_padding_tablet=&#8221;inherit&#8221; column_padding_phone=&#8221;inherit&#8221; column_padding_position=&#8221;all&#8221; column_element_direction_desktop=&#8221;default&#8221; column_element_spacing=&#8221;default&#8221; desktop_text_alignment=&#8221;default&#8221; tablet_text_alignment=&#8221;default&#8221; phone_text_alignment=&#8221;default&#8221; background_color_opacity=&#8221;1&#8243; background_hover_color_opacity=&#8221;1&#8243; column_backdrop_filter=&#8221;none&#8221; column_shadow=&#8221;none&#8221; column_border_radius=&#8221;none&#8221; column_link_target=&#8221;_self&#8221; overflow=&#8221;visible&#8221; gradient_direction=&#8221;left_to_right&#8221; overlay_strength=&#8221;0.3&#8243; width=&#8221;1\/2&#8243; tablet_width_inherit=&#8221;default&#8221; animation_type=&#8221;default&#8221; enable_animation=&#8221;true&#8221; animation=&#8221;fade-in&#8221; animation_easing=&#8221;default&#8221; bg_image_animation=&#8221;none&#8221; border_type=&#8221;simple&#8221; column_border_width=&#8221;none&#8221; column_border_style=&#8221;solid&#8221; offset=&#8221;vc_col-lg-6 vc_col-md-6 vc_col-xs-12&#8243;][vc_column_text css_animation=&#8221;fadeInUp&#8221; css=&#8221;.vc_custom_1756452898114{margin-bottom: 15px !important;}&#8221; text_direction=&#8221;default&#8221;]\n<h5>Bize Ula\u015f\u0131n<\/h5>\n[\/vc_column_text][split_line_heading animation_type=&#8221;default&#8221; text_direction=&#8221;default&#8221;]\n<h3>Tedarik zinciri y\u00f6netimi, ithalat ve ihracat operasyonlar\u0131 konusunda uzman dan\u0131\u015fmanl\u0131k hizmeti veriyoruz.<\/h3>\n[\/split_line_heading][nectar_btn size=&#8221;large&#8221; button_style=&#8221;regular&#8221; button_color_2=&#8221;Accent-Color&#8221; icon_family=&#8221;default_arrow&#8221; url=&#8221;mailto:info@fruitsconsultants.com&#8221; text=&#8221;E-Posta G\u00f6nderin&#8221; margin_top=&#8221;25&#8243; css_animation=&#8221;slideInUp&#8221;][\/vc_column_inner][vc_column_inner column_padding=&#8221;no-extra-padding&#8221; column_padding_tablet=&#8221;inherit&#8221; column_padding_phone=&#8221;inherit&#8221; column_padding_position=&#8221;all&#8221; column_element_direction_desktop=&#8221;default&#8221; column_element_spacing=&#8221;default&#8221; desktop_text_alignment=&#8221;default&#8221; tablet_text_alignment=&#8221;default&#8221; phone_text_alignment=&#8221;default&#8221; background_color_opacity=&#8221;1&#8243; background_hover_color_opacity=&#8221;1&#8243; column_backdrop_filter=&#8221;none&#8221; column_shadow=&#8221;none&#8221; column_border_radius=&#8221;none&#8221; column_link_target=&#8221;_self&#8221; overflow=&#8221;visible&#8221; gradient_direction=&#8221;left_to_right&#8221; overlay_strength=&#8221;0.3&#8243; width=&#8221;1\/4&#8243; tablet_width_inherit=&#8221;default&#8221; animation_type=&#8221;default&#8221; bg_image_animation=&#8221;none&#8221; border_type=&#8221;simple&#8221; column_border_width=&#8221;none&#8221; column_border_style=&#8221;solid&#8221; offset=&#8221;vc_hidden-sm vc_hidden-xs&#8221;][\/vc_column_inner][vc_column_inner column_padding=&#8221;padding-6-percent&#8221; column_padding_tablet=&#8221;inherit&#8221; column_padding_phone=&#8221;inherit&#8221; column_padding_position=&#8221;bottom&#8221; column_element_direction_desktop=&#8221;default&#8221; column_element_spacing=&#8221;default&#8221; desktop_text_alignment=&#8221;default&#8221; tablet_text_alignment=&#8221;default&#8221; phone_text_alignment=&#8221;default&#8221; background_color_opacity=&#8221;1&#8243; background_hover_color_opacity=&#8221;1&#8243; column_backdrop_filter=&#8221;none&#8221; column_shadow=&#8221;none&#8221; column_border_radius=&#8221;none&#8221; column_link_target=&#8221;_self&#8221; overflow=&#8221;visible&#8221; gradient_direction=&#8221;left_to_right&#8221; overlay_strength=&#8221;0.3&#8243; width=&#8221;1\/4&#8243; tablet_width_inherit=&#8221;default&#8221; animation_type=&#8221;default&#8221; enable_animation=&#8221;true&#8221; animation=&#8221;fade-in-from-bottom&#8221; animation_easing=&#8221;default&#8221; bg_image_animation=&#8221;none&#8221; border_type=&#8221;simple&#8221; column_border_width=&#8221;none&#8221; column_border_style=&#8221;solid&#8221; offset=&#8221;vc_col-xs-12&#8243;][\/vc_column_inner][\/vc_row_inner][\/vc_column][\/vc_row][vc_row type=&#8221;full_width_content&#8221; full_screen_row_position=&#8221;middle&#8221; column_margin=&#8221;default&#8221; column_direction=&#8221;default&#8221; column_direction_tablet=&#8221;default&#8221; column_direction_phone=&#8221;default&#8221; bg_color=&#8221;#ffffff&#8221; scene_position=&#8221;center&#8221; text_color=&#8221;dark&#8221; text_align=&#8221;left&#8221; row_border_radius=&#8221;none&#8221; row_border_radius_applies=&#8221;bg&#8221; overflow=&#8221;visible&#8221; overlay_strength=&#8221;0.3&#8243; gradient_direction=&#8221;left_to_right&#8221; shape_divider_position=&#8221;bottom&#8221; bg_image_animation=&#8221;none&#8221;][vc_column column_padding=&#8221;no-extra-padding&#8221; column_padding_tablet=&#8221;inherit&#8221; column_padding_phone=&#8221;inherit&#8221; column_padding_position=&#8221;all&#8221; column_element_direction_desktop=&#8221;default&#8221; column_element_spacing=&#8221;default&#8221; desktop_text_alignment=&#8221;default&#8221; tablet_text_alignment=&#8221;default&#8221; phone_text_alignment=&#8221;default&#8221; background_color_opacity=&#8221;1&#8243; background_hover_color_opacity=&#8221;1&#8243; column_backdrop_filter=&#8221;none&#8221; column_shadow=&#8221;none&#8221; column_border_radius=&#8221;none&#8221; column_link_target=&#8221;_self&#8221; column_position=&#8221;default&#8221; gradient_direction=&#8221;left_to_right&#8221; overlay_strength=&#8221;0.3&#8243; width=&#8221;1\/2&#8243; tablet_width_inherit=&#8221;default&#8221; animation_type=&#8221;default&#8221; bg_image_animation=&#8221;none&#8221; border_type=&#8221;simple&#8221; column_border_width=&#8221;none&#8221; column_border_style=&#8221;solid&#8221;][nectar_gmap map_type=&#8221;leaflet&#8221; zoom=&#8221;16&#8243; marker_style=&#8221;nectar&#8221; color=&#8221;extra-color-1&#8243; leaflet_map_greyscale=&#8221;1&#8243; size=&#8221;750&#8243; map_center_lat=&#8221;36.79829&#8243; map_center_lng=&#8221;34.62641&#8243; map_markers=&#8221;36.79829|34.62641|&#8221;][\/vc_column][vc_column column_padding=&#8221;padding-7-percent&#8221; column_padding_tablet=&#8221;inherit&#8221; column_padding_phone=&#8221;inherit&#8221; column_padding_position=&#8221;all&#8221; column_element_direction_desktop=&#8221;default&#8221; column_element_spacing=&#8221;default&#8221; desktop_text_alignment=&#8221;default&#8221; tablet_text_alignment=&#8221;default&#8221; phone_text_alignment=&#8221;default&#8221; background_color_opacity=&#8221;1&#8243; background_hover_color_opacity=&#8221;1&#8243; column_backdrop_filter=&#8221;none&#8221; column_shadow=&#8221;none&#8221; column_border_radius=&#8221;none&#8221; column_link_target=&#8221;_self&#8221; column_position=&#8221;default&#8221; gradient_direction=&#8221;left_to_right&#8221; overlay_strength=&#8221;0.3&#8243; width=&#8221;1\/2&#8243; tablet_width_inherit=&#8221;default&#8221; animation_type=&#8221;default&#8221; bg_image_animation=&#8221;none&#8221; border_type=&#8221;simple&#8221; column_border_width=&#8221;none&#8221; column_border_style=&#8221;solid&#8221;][vc_column_text css=&#8221;&#8221; text_direction=&#8221;default&#8221;]\n<h3>Bize Ula\u015f\u0131n.<\/h3>\n<p>MA Fruits \/ DMA Foods olarak, k\u00fcresel taze meyve ve sebze pazar\u0131ndaki ihtiya\u00e7lar\u0131n\u0131z\u0131 kar\u015f\u0131lamak ve sorular\u0131n\u0131z\u0131 yan\u0131tlamak i\u00e7in buraday\u0131z. \u00dcr\u00fcnlerimiz, tedarik s\u00fcre\u00e7lerimiz veya potansiyel i\u015f birliklerimiz hakk\u0131nda daha fazla bilgi edinmek isterseniz, uzman ekibimiz size yard\u0131mc\u0131 olmaya haz\u0131r.<\/p>\n<p>&nbsp;<\/p>\n<h5>MA Fruits<\/h5>\n<p>MA FRUITS CONSULTANTS GIDA DEP. NAK. \u0130TH. VE \u0130HT. LTD. \u015eT\u0130.<br \/>\n\u00c7ankaya Mah. \u0130stiklal Cad. No: 76\/6 Hayat Ishani Kat 3-4 No: 4-6<br \/>\nAkdeniz Mersin T\u00fcrkiye<br \/>\nPO. BOX : 33070<\/p>\n<h5>DMA Foods<\/h5>\n<p>DMA FOODS LOJ\u0130ST\u0130K GIDA DEP. NAK. \u0130TH. \u0130HR. T\u0130C. LTD. \u015eT\u0130<br \/>\n\u00c7ankaya Mah. \u0130stiklal Cad. Hayat \u0130\u015fhan\u0131 No: 76 \u0130\u00e7 Kap\u0131 No: 6 Akdeniz\/Mersin T\u00fcrkiye<\/p>\n<h5><strong data-start=\"39\" data-end=\"73\">Be Right Fruit Limited Company<\/strong><\/h5>\n<p>Ali Eldien Shopping Centre First Floor -No.64<br data-start=\"121\" data-end=\"124\" \/>Block 1 Section 3, Street No. 2- 6th October<br data-start=\"168\" data-end=\"171\" \/>City, G Iza, Egypt<br data-start=\"189\" data-end=\"192\" \/>Telephone Numbers: 00201154056215 &#8211; 00201001144104<br \/>\nlogistic@berightfruit.com<\/p>\n<h5>Telefon<\/h5>\n<div class=\"nectar-split-heading font_size_1-05vw font_size_tablet_16px font_line_height_1-6 animated-in\" data-align=\"default\" data-m-align=\"inherit\" data-text-effect=\"none\" data-animation-type=\"line-reveal-by-space\" data-animation-delay=\"0\" data-animation-offset=\"\" data-m-rm-animation=\"\" data-stagger=\"\" data-custom-font-size=\"true\">\n<p>+90 324 422 91 15<br \/>\n+90 506 022 71 99<br \/>\ninfo@fruitsconsultants.com<\/p>\n<\/div>\n[\/vc_column_text][\/vc_column][\/vc_row]\n","protected":false},"excerpt":{"rendered":"<p>[vc_row type=&#8221;full_width_background&#8221; full_screen_row_position=&#8221;middle&#8221; column_margin=&#8221;default&#8221; column_direction=&#8221;default&#8221; column_direction_tablet=&#8221;default&#8221; column_direction_phone=&#8221;default&#8221; bg_color=&#8221;#ffffff&#8221; bg_image=&#8221;7439&#8243; bg_position=&#8221;center center&#8221; background_image_loading=&#8221;default&#8221; bg_repeat=&#8221;no-repeat&#8221; scene_position=&#8221;center&#8221; top_padding=&#8221;10%&#8221;&#8230;<\/p>\n","protected":false},"author":5,"featured_media":0,"parent":0,"menu_order":0,"comment_status":"closed","ping_status":"closed","template":"","meta":{"footnotes":""},"class_list":["post-7331","page","type-page","status-publish"],"yoast_head":"<!-- This site is optimized with the Yoast SEO plugin v26.5 - https:\/\/yoast.com\/wordpress\/plugins\/seo\/ -->\n<title>MA Fruits Consultants | DMA Foods | \u0130leti\u015fim<\/title>\n<meta name=\"description\" content=\"MA Fruits \/ DMA Foods olarak k\u00fcresel taze meyve ve sebze pazar\u0131ndaki ihtiya\u00e7lar\u0131n\u0131z\u0131 kar\u015f\u0131lamak ve sorular\u0131n\u0131z\u0131 yan\u0131tlamak i\u00e7in buraday\u0131z.\" \/>\n<meta name=\"robots\" content=\"index, follow, max-snippet:-1, max-image-preview:large, max-video-preview:-1\" \/>\n<link rel=\"canonical\" href=\"https:\/\/mafruitsconsultants.com\/tr\/contact\/\" \/>\n<meta property=\"og:locale\" content=\"tr_TR\" \/>\n<meta property=\"og:locale:alternate\" content=\"en_US\" \/>\n<meta property=\"og:type\" content=\"article\" \/>\n<meta property=\"og:title\" content=\"MA Fruits Consultants | DMA Foods | \u0130leti\u015fim\" \/>\n<meta property=\"og:description\" content=\"MA Fruits \/ DMA Foods olarak k\u00fcresel taze meyve ve sebze pazar\u0131ndaki ihtiya\u00e7lar\u0131n\u0131z\u0131 kar\u015f\u0131lamak ve sorular\u0131n\u0131z\u0131 yan\u0131tlamak i\u00e7in buraday\u0131z.\" \/>\n<meta property=\"og:url\" content=\"https:\/\/mafruitsconsultants.com\/tr\/contact\/\" \/>\n<meta property=\"og:site_name\" content=\"MA Fruits Consultants\" \/>\n<meta property=\"article:publisher\" content=\"https:\/\/www.facebook.com\/MA-Fruits-Consultants-613454822477373\" \/>\n<meta property=\"article:modified_time\" content=\"2025-12-17T07:58:04+00:00\" \/>\n<meta name=\"twitter:card\" content=\"summary_large_image\" \/>\n<meta name=\"twitter:label1\" content=\"Tahmini okuma s\u00fcresi\" \/>\n\t<meta name=\"twitter:data1\" content=\"1 dakika\" \/>\n<script type=\"application\/ld+json\" class=\"yoast-schema-graph\">{\"@context\":\"https:\/\/schema.org\",\"@graph\":[{\"@type\":\"WebPage\",\"@id\":\"https:\/\/mafruitsconsultants.com\/contact\/\",\"url\":\"https:\/\/mafruitsconsultants.com\/contact\/\",\"name\":\"MA Fruits Consultants | DMA Foods | \u0130leti\u015fim\",\"isPartOf\":{\"@id\":\"https:\/\/mafruitsconsultants.com\/#website\"},\"datePublished\":\"2017-02-07T15:05:55+00:00\",\"dateModified\":\"2025-12-17T07:58:04+00:00\",\"description\":\"MA Fruits \/ DMA Foods olarak k\u00fcresel taze meyve ve sebze pazar\u0131ndaki ihtiya\u00e7lar\u0131n\u0131z\u0131 kar\u015f\u0131lamak ve sorular\u0131n\u0131z\u0131 yan\u0131tlamak i\u00e7in buraday\u0131z.\",\"breadcrumb\":{\"@id\":\"https:\/\/mafruitsconsultants.com\/contact\/#breadcrumb\"},\"inLanguage\":\"tr-TR\",\"potentialAction\":[{\"@type\":\"ReadAction\",\"target\":[\"https:\/\/mafruitsconsultants.com\/contact\/\"]}]},{\"@type\":\"BreadcrumbList\",\"@id\":\"https:\/\/mafruitsconsultants.com\/contact\/#breadcrumb\",\"itemListElement\":[{\"@type\":\"ListItem\",\"position\":1,\"name\":\"Home\",\"item\":\"https:\/\/mafruitsconsultants.com\/\"},{\"@type\":\"ListItem\",\"position\":2,\"name\":\"Contact Us\"}]},{\"@type\":\"WebSite\",\"@id\":\"https:\/\/mafruitsconsultants.com\/#website\",\"url\":\"https:\/\/mafruitsconsultants.com\/\",\"name\":\"MA Fruits Consultants\",\"description\":\"Exporting Banana, Pineapple, and Onion.\",\"publisher\":{\"@id\":\"https:\/\/mafruitsconsultants.com\/#organization\"},\"potentialAction\":[{\"@type\":\"SearchAction\",\"target\":{\"@type\":\"EntryPoint\",\"urlTemplate\":\"https:\/\/mafruitsconsultants.com\/?s={search_term_string}\"},\"query-input\":{\"@type\":\"PropertyValueSpecification\",\"valueRequired\":true,\"valueName\":\"search_term_string\"}}],\"inLanguage\":\"tr-TR\"},{\"@type\":\"Organization\",\"@id\":\"https:\/\/mafruitsconsultants.com\/#organization\",\"name\":\"MA Fruits Consultants\",\"url\":\"https:\/\/mafruitsconsultants.com\/\",\"logo\":{\"@type\":\"ImageObject\",\"inLanguage\":\"tr-TR\",\"@id\":\"https:\/\/mafruitsconsultants.com\/#\/schema\/logo\/image\/\",\"url\":\"https:\/\/i0.wp.com\/mafruitsconsultants.com\/wp-content\/uploads\/2020\/06\/MA_LOGO_MD.png?fit=1280%2C526&ssl=1\",\"contentUrl\":\"https:\/\/i0.wp.com\/mafruitsconsultants.com\/wp-content\/uploads\/2020\/06\/MA_LOGO_MD.png?fit=1280%2C526&ssl=1\",\"width\":1280,\"height\":526,\"caption\":\"MA Fruits Consultants\"},\"image\":{\"@id\":\"https:\/\/mafruitsconsultants.com\/#\/schema\/logo\/image\/\"},\"sameAs\":[\"https:\/\/www.facebook.com\/MA-Fruits-Consultants-613454822477373\",\"https:\/\/tr.pinterest.com\/MAFruitsConsultants\/\",\"https:\/\/www.youtube.com\/channel\/UCPISN9fzh4wjZmrE4lCJTMg\"]}]}<\/script>\n<!-- \/ Yoast SEO plugin. -->","yoast_head_json":{"title":"MA Fruits Consultants | DMA Foods | \u0130leti\u015fim","description":"MA Fruits \/ DMA Foods olarak k\u00fcresel taze meyve ve sebze pazar\u0131ndaki ihtiya\u00e7lar\u0131n\u0131z\u0131 kar\u015f\u0131lamak ve sorular\u0131n\u0131z\u0131 yan\u0131tlamak i\u00e7in buraday\u0131z.","robots":{"index":"index","follow":"follow","max-snippet":"max-snippet:-1","max-image-preview":"max-image-preview:large","max-video-preview":"max-video-preview:-1"},"canonical":"https:\/\/mafruitsconsultants.com\/tr\/contact\/","og_locale":"tr_TR","og_type":"article","og_title":"[:en]MA Fruits Consultants | DMA Foods | Contact Us[:tr]MA Fruits Consultants | DMA Foods | \u0130leti\u015fim[:]","og_description":"[:en]At MA Fruits \/ DMA Foods, we are here to meet your needs in the global fresh fruit and vegetable market and to answer your questions.[:tr]MA Fruits \/ DMA Foods olarak k\u00fcresel taze meyve ve sebze pazar\u0131ndaki ihtiya\u00e7lar\u0131n\u0131z\u0131 kar\u015f\u0131lamak ve sorular\u0131n\u0131z\u0131 yan\u0131tlamak i\u00e7in buraday\u0131z.[:]","og_url":"https:\/\/mafruitsconsultants.com\/tr\/contact\/","og_site_name":"MA Fruits Consultants","article_publisher":"https:\/\/www.facebook.com\/MA-Fruits-Consultants-613454822477373","article_modified_time":"2025-12-17T07:58:04+00:00","twitter_card":"summary_large_image","twitter_misc":{"Tahmini okuma s\u00fcresi":"1 dakika"},"schema":{"@context":"https:\/\/schema.org","@graph":[{"@type":"WebPage","@id":"https:\/\/mafruitsconsultants.com\/contact\/","url":"https:\/\/mafruitsconsultants.com\/contact\/","name":"MA Fruits Consultants | DMA Foods | \u0130leti\u015fim","isPartOf":{"@id":"https:\/\/mafruitsconsultants.com\/#website"},"datePublished":"2017-02-07T15:05:55+00:00","dateModified":"2025-12-17T07:58:04+00:00","description":"MA Fruits \/ DMA Foods olarak k\u00fcresel taze meyve ve sebze pazar\u0131ndaki ihtiya\u00e7lar\u0131n\u0131z\u0131 kar\u015f\u0131lamak ve sorular\u0131n\u0131z\u0131 yan\u0131tlamak i\u00e7in buraday\u0131z.","breadcrumb":{"@id":"https:\/\/mafruitsconsultants.com\/contact\/#breadcrumb"},"inLanguage":"tr-TR","potentialAction":[{"@type":"ReadAction","target":["https:\/\/mafruitsconsultants.com\/contact\/"]}]},{"@type":"BreadcrumbList","@id":"https:\/\/mafruitsconsultants.com\/contact\/#breadcrumb","itemListElement":[{"@type":"ListItem","position":1,"name":"Home","item":"https:\/\/mafruitsconsultants.com\/"},{"@type":"ListItem","position":2,"name":"Contact Us"}]},{"@type":"WebSite","@id":"https:\/\/mafruitsconsultants.com\/#website","url":"https:\/\/mafruitsconsultants.com\/","name":"MA Fruits Consultants","description":"Exporting Banana, Pineapple, and Onion.","publisher":{"@id":"https:\/\/mafruitsconsultants.com\/#organization"},"potentialAction":[{"@type":"SearchAction","target":{"@type":"EntryPoint","urlTemplate":"https:\/\/mafruitsconsultants.com\/?s={search_term_string}"},"query-input":{"@type":"PropertyValueSpecification","valueRequired":true,"valueName":"search_term_string"}}],"inLanguage":"tr-TR"},{"@type":"Organization","@id":"https:\/\/mafruitsconsultants.com\/#organization","name":"MA Fruits Consultants","url":"https:\/\/mafruitsconsultants.com\/","logo":{"@type":"ImageObject","inLanguage":"tr-TR","@id":"https:\/\/mafruitsconsultants.com\/#\/schema\/logo\/image\/","url":"https:\/\/i0.wp.com\/mafruitsconsultants.com\/wp-content\/uploads\/2020\/06\/MA_LOGO_MD.png?fit=1280%2C526&ssl=1","contentUrl":"https:\/\/i0.wp.com\/mafruitsconsultants.com\/wp-content\/uploads\/2020\/06\/MA_LOGO_MD.png?fit=1280%2C526&ssl=1","width":1280,"height":526,"caption":"MA Fruits Consultants"},"image":{"@id":"https:\/\/mafruitsconsultants.com\/#\/schema\/logo\/image\/"},"sameAs":["https:\/\/www.facebook.com\/MA-Fruits-Consultants-613454822477373","https:\/\/tr.pinterest.com\/MAFruitsConsultants\/","https:\/\/www.youtube.com\/channel\/UCPISN9fzh4wjZmrE4lCJTMg"]}]}},"_links":{"self":[{"href":"https:\/\/mafruitsconsultants.com\/tr\/wp-json\/wp\/v2\/pages\/7331","targetHints":{"allow":["GET"]}}],"collection":[{"href":"https:\/\/mafruitsconsultants.com\/tr\/wp-json\/wp\/v2\/pages"}],"about":[{"href":"https:\/\/mafruitsconsultants.com\/tr\/wp-json\/wp\/v2\/types\/page"}],"author":[{"embeddable":true,"href":"https:\/\/mafruitsconsultants.com\/tr\/wp-json\/wp\/v2\/users\/5"}],"replies":[{"embeddable":true,"href":"https:\/\/mafruitsconsultants.com\/tr\/wp-json\/wp\/v2\/comments?post=7331"}],"version-history":[{"count":6,"href":"https:\/\/mafruitsconsultants.com\/tr\/wp-json\/wp\/v2\/pages\/7331\/revisions"}],"predecessor-version":[{"id":7828,"href":"https:\/\/mafruitsconsultants.com\/tr\/wp-json\/wp\/v2\/pages\/7331\/revisions\/7828"}],"wp:attachment":[{"href":"https:\/\/mafruitsconsultants.com\/tr\/wp-json\/wp\/v2\/media?parent=7331"}],"curies":[{"name":"wp","href":"https:\/\/api.w.org\/{rel}","templated":true}]}}