{"id":13,"date":"2017-02-07T15:22:36","date_gmt":"2017-02-07T15:22:36","guid":{"rendered":"http:\/\/themenectar.com\/demo\/salient-startup\/?page_id=13"},"modified":"2025-08-29T13:58:09","modified_gmt":"2025-08-29T10:58:09","slug":"events","status":"publish","type":"page","link":"https:\/\/mafruitsconsultants.com\/tr\/events\/","title":{"rendered":"Etkinlikler"},"content":{"rendered":"[vc_row type=&#8221;full_width_background&#8221; full_screen_row_position=&#8221;middle&#8221; column_margin=&#8221;default&#8221; equal_height=&#8221;yes&#8221; content_placement=&#8221;bottom&#8221; column_direction=&#8221;default&#8221; column_direction_tablet=&#8221;default&#8221; column_direction_phone=&#8221;default&#8221; bg_color=&#8221;#d1d1ca&#8221; bg_image=&#8221;7486&#8243; bg_position=&#8221;center center&#8221; background_image_loading=&#8221;default&#8221; bg_repeat=&#8221;no-repeat&#8221; scene_position=&#8221;center&#8221; top_padding=&#8221;15%&#8221; bottom_padding=&#8221;13%&#8221; text_color=&#8221;light&#8221; text_align=&#8221;left&#8221; row_border_radius=&#8221;none&#8221; row_border_radius_applies=&#8221;bg&#8221; overflow=&#8221;visible&#8221; color_overlay=&#8221;#0a0a0a&#8221; overlay_strength=&#8221;0.5&#8243; gradient_direction=&#8221;left_to_right&#8221; shape_divider_position=&#8221;bottom&#8221; shape_divider_height=&#8221;350&#8243; bg_image_animation=&#8221;fade-in&#8221; parallax_bg=&#8221;true&#8221; parallax_bg_speed=&#8221;fast&#8221; shape_type=&#8221;mountains&#8221; gradient_type=&#8221;default&#8221;][vc_column column_padding=&#8221;no-extra-padding&#8221; column_padding_tablet=&#8221;inherit&#8221; column_padding_phone=&#8221;inherit&#8221; column_padding_position=&#8221;all&#8221; column_element_direction_desktop=&#8221;default&#8221; column_element_spacing=&#8221;default&#8221; desktop_text_alignment=&#8221;default&#8221; tablet_text_alignment=&#8221;default&#8221; phone_text_alignment=&#8221;default&#8221; background_color_opacity=&#8221;1&#8243; background_hover_color_opacity=&#8221;1&#8243; column_backdrop_filter=&#8221;none&#8221; column_shadow=&#8221;none&#8221; column_border_radius=&#8221;none&#8221; column_link_target=&#8221;_self&#8221; column_position=&#8221;default&#8221; gradient_direction=&#8221;left_to_right&#8221; overlay_strength=&#8221;0.3&#8243; width=&#8221;1\/2&#8243; tablet_width_inherit=&#8221;default&#8221; animation_type=&#8221;default&#8221; bg_image_animation=&#8221;none&#8221; border_type=&#8221;simple&#8221; column_border_width=&#8221;none&#8221; column_border_style=&#8221;solid&#8221;][vc_row_inner column_margin=&#8221;default&#8221; column_direction=&#8221;default&#8221; column_direction_tablet=&#8221;default&#8221; column_direction_phone=&#8221;default&#8221; text_align=&#8221;left&#8221; row_position=&#8221;default&#8221; row_position_tablet=&#8221;inherit&#8221; row_position_phone=&#8221;inherit&#8221; overflow=&#8221;visible&#8221; pointer_events=&#8221;all&#8221;][vc_column_inner column_padding=&#8221;no-extra-padding&#8221; column_padding_tablet=&#8221;inherit&#8221; column_padding_phone=&#8221;inherit&#8221; column_padding_position=&#8221;all&#8221; column_element_direction_desktop=&#8221;default&#8221; column_element_spacing=&#8221;default&#8221; desktop_text_alignment=&#8221;default&#8221; tablet_text_alignment=&#8221;default&#8221; phone_text_alignment=&#8221;default&#8221; background_color_opacity=&#8221;1&#8243; background_hover_color_opacity=&#8221;1&#8243; column_backdrop_filter=&#8221;none&#8221; column_shadow=&#8221;none&#8221; column_border_radius=&#8221;none&#8221; column_link_target=&#8221;_self&#8221; overflow=&#8221;visible&#8221; gradient_direction=&#8221;left_to_right&#8221; overlay_strength=&#8221;0.3&#8243; width=&#8221;1\/1&#8243; tablet_width_inherit=&#8221;default&#8221; animation_type=&#8221;default&#8221; bg_image_animation=&#8221;none&#8221; border_type=&#8221;simple&#8221; column_border_width=&#8221;none&#8221; column_border_style=&#8221;solid&#8221;][split_line_heading animation_type=&#8221;line-reveal-by-space&#8221; font_style=&#8221;h1&#8243; line_reveal_by_space_text_effect=&#8221;default&#8221; content_alignment=&#8221;default&#8221; mobile_content_alignment=&#8221;inherit&#8221; link_target=&#8221;_self&#8221; text_content=&#8221;Etkinlikler&#8221; text_direction=&#8221;default&#8221; font_size=&#8221;3vw&#8221;][\/split_line_heading][split_line_heading animation_type=&#8221;line-reveal-by-space&#8221; font_style=&#8221;h3&#8243; line_reveal_by_space_text_effect=&#8221;default&#8221; content_alignment=&#8221;default&#8221; mobile_content_alignment=&#8221;inherit&#8221; link_target=&#8221;_self&#8221; text_content=&#8221;DMA Foods ile ilgili etkinlikler ve haberler&#8221; text_direction=&#8221;default&#8221; font_size=&#8221;2vw&#8221;][\/split_line_heading][\/vc_column_inner][\/vc_row_inner][\/vc_column][vc_column column_padding=&#8221;no-extra-padding&#8221; column_padding_tablet=&#8221;inherit&#8221; column_padding_phone=&#8221;inherit&#8221; column_padding_position=&#8221;all&#8221; column_element_direction_desktop=&#8221;default&#8221; column_element_spacing=&#8221;default&#8221; desktop_text_alignment=&#8221;default&#8221; tablet_text_alignment=&#8221;default&#8221; phone_text_alignment=&#8221;default&#8221; background_color_opacity=&#8221;1&#8243; background_hover_color_opacity=&#8221;1&#8243; column_backdrop_filter=&#8221;none&#8221; column_shadow=&#8221;none&#8221; column_border_radius=&#8221;none&#8221; column_link_target=&#8221;_self&#8221; column_position=&#8221;default&#8221; gradient_direction=&#8221;left_to_right&#8221; overlay_strength=&#8221;0.3&#8243; width=&#8221;1\/2&#8243; tablet_width_inherit=&#8221;default&#8221; animation_type=&#8221;default&#8221; bg_image_animation=&#8221;none&#8221; border_type=&#8221;simple&#8221; column_border_width=&#8221;none&#8221; column_border_style=&#8221;solid&#8221;][\/vc_column][\/vc_row][vc_row type=&#8221;in_container&#8221; full_screen_row_position=&#8221;middle&#8221; column_margin=&#8221;default&#8221; column_direction=&#8221;default&#8221; column_direction_tablet=&#8221;default&#8221; column_direction_phone=&#8221;default&#8221; scene_position=&#8221;center&#8221; top_padding=&#8221;6%&#8221; bottom_padding=&#8221;6%&#8221; text_color=&#8221;dark&#8221; text_align=&#8221;left&#8221; row_border_radius=&#8221;none&#8221; row_border_radius_applies=&#8221;bg&#8221; overflow=&#8221;visible&#8221; overlay_strength=&#8221;0.3&#8243; gradient_direction=&#8221;left_to_right&#8221; shape_divider_position=&#8221;bottom&#8221; bg_image_animation=&#8221;none&#8221; shape_type=&#8221;&#8221; gradient_type=&#8221;default&#8221;][vc_column column_padding=&#8221;no-extra-padding&#8221; column_padding_tablet=&#8221;inherit&#8221; column_padding_phone=&#8221;inherit&#8221; column_padding_position=&#8221;all&#8221; column_element_direction_desktop=&#8221;default&#8221; column_element_spacing=&#8221;default&#8221; desktop_text_alignment=&#8221;default&#8221; tablet_text_alignment=&#8221;default&#8221; phone_text_alignment=&#8221;default&#8221; background_color_opacity=&#8221;1&#8243; background_hover_color_opacity=&#8221;1&#8243; column_backdrop_filter=&#8221;none&#8221; column_shadow=&#8221;none&#8221; column_border_radius=&#8221;none&#8221; column_link_target=&#8221;_self&#8221; column_position=&#8221;default&#8221; gradient_direction=&#8221;left_to_right&#8221; overlay_strength=&#8221;0.3&#8243; width=&#8221;1\/1&#8243; tablet_width_inherit=&#8221;default&#8221; animation_type=&#8221;default&#8221; bg_image_animation=&#8221;none&#8221; border_type=&#8221;simple&#8221; column_border_width=&#8221;none&#8221; column_border_style=&#8221;solid&#8221;][nectar_blog layout=&#8221;std-blog-fullwidth&#8221; blog_standard_style=&#8221;classic&#8221; load_in_animation=&#8221;fade_in_from_bottom&#8221; category=&#8221;all&#8221; enable_pagination=&#8221;true&#8221; pagination_type=&#8221;default&#8221; order=&#8221;DESC&#8221; orderby=&#8221;date&#8221; posts_per_page=&#8221;20&#8243;][\/vc_column][\/vc_row]\n","protected":false},"excerpt":{"rendered":"<p>[vc_row type=&#8221;full_width_background&#8221; full_screen_row_position=&#8221;middle&#8221; column_margin=&#8221;default&#8221; equal_height=&#8221;yes&#8221; content_placement=&#8221;bottom&#8221; column_direction=&#8221;default&#8221; column_direction_tablet=&#8221;default&#8221; column_direction_phone=&#8221;default&#8221; bg_color=&#8221;#d1d1ca&#8221; bg_image=&#8221;7486&#8243; bg_position=&#8221;center center&#8221; background_image_loading=&#8221;default&#8221; bg_repeat=&#8221;no-repeat&#8221;&#8230;<\/p>\n","protected":false},"author":5,"featured_media":0,"parent":0,"menu_order":0,"comment_status":"closed","ping_status":"closed","template":"","meta":{"footnotes":""},"class_list":["post-13","page","type-page","status-publish"],"yoast_head":"<!-- This site is optimized with the Yoast SEO plugin v26.5 - https:\/\/yoast.com\/wordpress\/plugins\/seo\/ -->\n<title>Etkinlikler - MA Fruits Consultants DMA Foods<\/title>\n<meta name=\"description\" content=\"Yakla\u015fan etkinliklere kat\u0131l\u0131m\u0131m\u0131z\u0131 duyurmaktan heyecan duyuyoruz. Bizi takip etmeye devam edin.\" \/>\n<meta name=\"robots\" content=\"index, follow, max-snippet:-1, max-image-preview:large, max-video-preview:-1\" \/>\n<link rel=\"canonical\" href=\"https:\/\/mafruitsconsultants.com\/tr\/events\/\" \/>\n<meta property=\"og:locale\" content=\"tr_TR\" \/>\n<meta property=\"og:locale:alternate\" content=\"en_US\" \/>\n<meta property=\"og:type\" content=\"article\" \/>\n<meta property=\"og:title\" content=\"Etkinlikler - MA Fruits Consultants DMA Foods\" \/>\n<meta property=\"og:description\" content=\"Yakla\u015fan etkinliklere kat\u0131l\u0131m\u0131m\u0131z\u0131 duyurmaktan heyecan duyuyoruz. Bizi takip etmeye devam edin.\" \/>\n<meta property=\"og:url\" content=\"https:\/\/mafruitsconsultants.com\/tr\/events\/\" \/>\n<meta property=\"og:site_name\" content=\"MA Fruits Consultants\" \/>\n<meta property=\"article:publisher\" content=\"https:\/\/www.facebook.com\/MA-Fruits-Consultants-613454822477373\" \/>\n<meta property=\"article:modified_time\" content=\"2025-08-29T10:58:09+00:00\" \/>\n<meta name=\"twitter:card\" content=\"summary_large_image\" \/>\n<meta name=\"twitter:label1\" content=\"Tahmini okuma s\u00fcresi\" \/>\n\t<meta name=\"twitter:data1\" content=\"1 dakika\" \/>\n<script type=\"application\/ld+json\" class=\"yoast-schema-graph\">{\"@context\":\"https:\/\/schema.org\",\"@graph\":[{\"@type\":\"WebPage\",\"@id\":\"https:\/\/mafruitsconsultants.com\/events\/\",\"url\":\"https:\/\/mafruitsconsultants.com\/events\/\",\"name\":\"Etkinlikler - MA Fruits Consultants DMA Foods\",\"isPartOf\":{\"@id\":\"https:\/\/mafruitsconsultants.com\/#website\"},\"datePublished\":\"2017-02-07T15:22:36+00:00\",\"dateModified\":\"2025-08-29T10:58:09+00:00\",\"description\":\"Yakla\u015fan etkinliklere kat\u0131l\u0131m\u0131m\u0131z\u0131 duyurmaktan heyecan duyuyoruz. Bizi takip etmeye devam edin.\",\"breadcrumb\":{\"@id\":\"https:\/\/mafruitsconsultants.com\/events\/#breadcrumb\"},\"inLanguage\":\"tr-TR\",\"potentialAction\":[{\"@type\":\"ReadAction\",\"target\":[\"https:\/\/mafruitsconsultants.com\/events\/\"]}]},{\"@type\":\"BreadcrumbList\",\"@id\":\"https:\/\/mafruitsconsultants.com\/events\/#breadcrumb\",\"itemListElement\":[{\"@type\":\"ListItem\",\"position\":1,\"name\":\"Home\",\"item\":\"https:\/\/mafruitsconsultants.com\/\"},{\"@type\":\"ListItem\",\"position\":2,\"name\":\"Events\"}]},{\"@type\":\"WebSite\",\"@id\":\"https:\/\/mafruitsconsultants.com\/#website\",\"url\":\"https:\/\/mafruitsconsultants.com\/\",\"name\":\"MA Fruits Consultants\",\"description\":\"Exporting Banana, Pineapple, and Onion.\",\"publisher\":{\"@id\":\"https:\/\/mafruitsconsultants.com\/#organization\"},\"potentialAction\":[{\"@type\":\"SearchAction\",\"target\":{\"@type\":\"EntryPoint\",\"urlTemplate\":\"https:\/\/mafruitsconsultants.com\/?s={search_term_string}\"},\"query-input\":{\"@type\":\"PropertyValueSpecification\",\"valueRequired\":true,\"valueName\":\"search_term_string\"}}],\"inLanguage\":\"tr-TR\"},{\"@type\":\"Organization\",\"@id\":\"https:\/\/mafruitsconsultants.com\/#organization\",\"name\":\"MA Fruits Consultants\",\"url\":\"https:\/\/mafruitsconsultants.com\/\",\"logo\":{\"@type\":\"ImageObject\",\"inLanguage\":\"tr-TR\",\"@id\":\"https:\/\/mafruitsconsultants.com\/#\/schema\/logo\/image\/\",\"url\":\"https:\/\/i0.wp.com\/mafruitsconsultants.com\/wp-content\/uploads\/2020\/06\/MA_LOGO_MD.png?fit=1280%2C526&ssl=1\",\"contentUrl\":\"https:\/\/i0.wp.com\/mafruitsconsultants.com\/wp-content\/uploads\/2020\/06\/MA_LOGO_MD.png?fit=1280%2C526&ssl=1\",\"width\":1280,\"height\":526,\"caption\":\"MA Fruits Consultants\"},\"image\":{\"@id\":\"https:\/\/mafruitsconsultants.com\/#\/schema\/logo\/image\/\"},\"sameAs\":[\"https:\/\/www.facebook.com\/MA-Fruits-Consultants-613454822477373\",\"https:\/\/tr.pinterest.com\/MAFruitsConsultants\/\",\"https:\/\/www.youtube.com\/channel\/UCPISN9fzh4wjZmrE4lCJTMg\"]}]}<\/script>\n<!-- \/ Yoast SEO plugin. -->","yoast_head_json":{"title":"Etkinlikler - MA Fruits Consultants DMA Foods","description":"Yakla\u015fan etkinliklere kat\u0131l\u0131m\u0131m\u0131z\u0131 duyurmaktan heyecan duyuyoruz. Bizi takip etmeye devam edin.","robots":{"index":"index","follow":"follow","max-snippet":"max-snippet:-1","max-image-preview":"max-image-preview:large","max-video-preview":"max-video-preview:-1"},"canonical":"https:\/\/mafruitsconsultants.com\/tr\/events\/","og_locale":"tr_TR","og_type":"article","og_title":"[:en]Events - MA Fruits Consultants DMA Foods[:tr]Etkinlikler - MA Fruits Consultants DMA Foods[:]","og_description":"[:en]We are excited to announce our participations in upcoming events. Stay tuned.[:tr]Yakla\u015fan etkinliklere kat\u0131l\u0131m\u0131m\u0131z\u0131 duyurmaktan heyecan duyuyoruz. Bizi takip etmeye devam edin.[:]","og_url":"https:\/\/mafruitsconsultants.com\/tr\/events\/","og_site_name":"MA Fruits Consultants","article_publisher":"https:\/\/www.facebook.com\/MA-Fruits-Consultants-613454822477373","article_modified_time":"2025-08-29T10:58:09+00:00","twitter_card":"summary_large_image","twitter_misc":{"Tahmini okuma s\u00fcresi":"1 dakika"},"schema":{"@context":"https:\/\/schema.org","@graph":[{"@type":"WebPage","@id":"https:\/\/mafruitsconsultants.com\/events\/","url":"https:\/\/mafruitsconsultants.com\/events\/","name":"Etkinlikler - MA Fruits Consultants DMA Foods","isPartOf":{"@id":"https:\/\/mafruitsconsultants.com\/#website"},"datePublished":"2017-02-07T15:22:36+00:00","dateModified":"2025-08-29T10:58:09+00:00","description":"Yakla\u015fan etkinliklere kat\u0131l\u0131m\u0131m\u0131z\u0131 duyurmaktan heyecan duyuyoruz. Bizi takip etmeye devam edin.","breadcrumb":{"@id":"https:\/\/mafruitsconsultants.com\/events\/#breadcrumb"},"inLanguage":"tr-TR","potentialAction":[{"@type":"ReadAction","target":["https:\/\/mafruitsconsultants.com\/events\/"]}]},{"@type":"BreadcrumbList","@id":"https:\/\/mafruitsconsultants.com\/events\/#breadcrumb","itemListElement":[{"@type":"ListItem","position":1,"name":"Home","item":"https:\/\/mafruitsconsultants.com\/"},{"@type":"ListItem","position":2,"name":"Events"}]},{"@type":"WebSite","@id":"https:\/\/mafruitsconsultants.com\/#website","url":"https:\/\/mafruitsconsultants.com\/","name":"MA Fruits Consultants","description":"Exporting Banana, Pineapple, and Onion.","publisher":{"@id":"https:\/\/mafruitsconsultants.com\/#organization"},"potentialAction":[{"@type":"SearchAction","target":{"@type":"EntryPoint","urlTemplate":"https:\/\/mafruitsconsultants.com\/?s={search_term_string}"},"query-input":{"@type":"PropertyValueSpecification","valueRequired":true,"valueName":"search_term_string"}}],"inLanguage":"tr-TR"},{"@type":"Organization","@id":"https:\/\/mafruitsconsultants.com\/#organization","name":"MA Fruits Consultants","url":"https:\/\/mafruitsconsultants.com\/","logo":{"@type":"ImageObject","inLanguage":"tr-TR","@id":"https:\/\/mafruitsconsultants.com\/#\/schema\/logo\/image\/","url":"https:\/\/i0.wp.com\/mafruitsconsultants.com\/wp-content\/uploads\/2020\/06\/MA_LOGO_MD.png?fit=1280%2C526&ssl=1","contentUrl":"https:\/\/i0.wp.com\/mafruitsconsultants.com\/wp-content\/uploads\/2020\/06\/MA_LOGO_MD.png?fit=1280%2C526&ssl=1","width":1280,"height":526,"caption":"MA Fruits Consultants"},"image":{"@id":"https:\/\/mafruitsconsultants.com\/#\/schema\/logo\/image\/"},"sameAs":["https:\/\/www.facebook.com\/MA-Fruits-Consultants-613454822477373","https:\/\/tr.pinterest.com\/MAFruitsConsultants\/","https:\/\/www.youtube.com\/channel\/UCPISN9fzh4wjZmrE4lCJTMg"]}]}},"_links":{"self":[{"href":"https:\/\/mafruitsconsultants.com\/tr\/wp-json\/wp\/v2\/pages\/13","targetHints":{"allow":["GET"]}}],"collection":[{"href":"https:\/\/mafruitsconsultants.com\/tr\/wp-json\/wp\/v2\/pages"}],"about":[{"href":"https:\/\/mafruitsconsultants.com\/tr\/wp-json\/wp\/v2\/types\/page"}],"author":[{"embeddable":true,"href":"https:\/\/mafruitsconsultants.com\/tr\/wp-json\/wp\/v2\/users\/5"}],"replies":[{"embeddable":true,"href":"https:\/\/mafruitsconsultants.com\/tr\/wp-json\/wp\/v2\/comments?post=13"}],"version-history":[{"count":5,"href":"https:\/\/mafruitsconsultants.com\/tr\/wp-json\/wp\/v2\/pages\/13\/revisions"}],"predecessor-version":[{"id":7722,"href":"https:\/\/mafruitsconsultants.com\/tr\/wp-json\/wp\/v2\/pages\/13\/revisions\/7722"}],"wp:attachment":[{"href":"https:\/\/mafruitsconsultants.com\/tr\/wp-json\/wp\/v2\/media?parent=13"}],"curies":[{"name":"wp","href":"https:\/\/api.w.org\/{rel}","templated":true}]}}